{"id":1065,"date":"2013-10-14T10:44:11","date_gmt":"2013-10-14T10:44:11","guid":{"rendered":"http:\/\/karateakl.ch\/?page_id=1065"},"modified":"2018-07-03T13:01:00","modified_gmt":"2018-07-03T11:01:00","slug":"infos-2","status":"publish","type":"page","link":"https:\/\/karateakl.ch\/?page_id=1065","title":{"rendered":"Infos"},"content":{"rendered":"<ul>\n<li><a title=\"Informations g\u00e9n\u00e9rales\" href=\"http:\/\/karateakl.ch\/?page_id=22\">Informations g\u00e9n\u00e9rales<\/a><\/li>\n<li><a title=\"Inscription\" href=\"http:\/\/karateakl.ch\/?page_id=364\">Inscription<\/a><\/li>\n<li><a title=\"Programme technique\" href=\"http:\/\/karateakl.ch\/?page_id=14\">Programme technique<\/a><\/li>\n<li><a title=\"Comp\u00e9titions\" href=\"http:\/\/karateakl.ch\/?page_id=482\">Comp\u00e9titions<\/a><\/li>\n<li><a title=\"Stages\" href=\"http:\/\/karateakl.ch\/?page_id=24\">Stages<\/a><\/li>\n<\/ul>\n","protected":false},"excerpt":{"rendered":"<p>Informations g\u00e9n\u00e9rales Inscription Programme technique Comp\u00e9titions Stages<\/p>\n","protected":false},"author":1,"featured_media":235,"parent":0,"menu_order":0,"comment_status":"closed","ping_status":"open","template":"","meta":{"ngg_post_thumbnail":0,"footnotes":""},"class_list":["post-1065","page","type-page","status-publish","has-post-thumbnail","czr-hentry"],"_links":{"self":[{"href":"https:\/\/karateakl.ch\/index.php?rest_route=\/wp\/v2\/pages\/1065"}],"collection":[{"href":"https:\/\/karateakl.ch\/index.php?rest_route=\/wp\/v2\/pages"}],"about":[{"href":"https:\/\/karateakl.ch\/index.php?rest_route=\/wp\/v2\/types\/page"}],"author":[{"embeddable":true,"href":"https:\/\/karateakl.ch\/index.php?rest_route=\/wp\/v2\/users\/1"}],"replies":[{"embeddable":true,"href":"https:\/\/karateakl.ch\/index.php?rest_route=%2Fwp%2Fv2%2Fcomments&post=1065"}],"version-history":[{"count":1,"href":"https:\/\/karateakl.ch\/index.php?rest_route=\/wp\/v2\/pages\/1065\/revisions"}],"predecessor-version":[{"id":1066,"href":"https:\/\/karateakl.ch\/index.php?rest_route=\/wp\/v2\/pages\/1065\/revisions\/1066"}],"wp:featuredmedia":[{"embeddable":true,"href":"https:\/\/karateakl.ch\/index.php?rest_route=\/wp\/v2\/media\/235"}],"wp:attachment":[{"href":"https:\/\/karateakl.ch\/index.php?rest_route=%2Fwp%2Fv2%2Fmedia&parent=1065"}],"curies":[{"name":"wp","href":"https:\/\/api.w.org\/{rel}","templated":true}]}}