{"id":12,"date":"2012-02-11T00:33:18","date_gmt":"2012-02-11T00:33:18","guid":{"rendered":"http:\/\/karateakl.ch\/?page_id=12"},"modified":"2023-04-30T10:59:15","modified_gmt":"2023-04-30T08:59:15","slug":"entrainements","status":"publish","type":"page","link":"https:\/\/karateakl.ch\/?page_id=12","title":{"rendered":"Entrainements"},"content":{"rendered":"<h3>Adresse du dojo<\/h3>\n<p><strong>Salle de gym No 3 du coll\u00e8ge secondaire de B\u00e9thusy &#8211; Lausanne<\/strong><\/p>\n<p style=\"text-align: justify;\">En voiture acc\u00e8s par la rue Mathurin Cordier, 1\u00e8re rue \u00e0 droite en montant la rue du Bugnon, puis entrer dans l\u2019enceinte du coll\u00e8ge et stationner dans le grand pr\u00e9au sur les places pr\u00e9vues \u00e0 cet effet. Par ligne de bus no 7 ou 5, arr\u00eat Place de l\u2019Ours, ou m\u00e9tro M2- arr\u00eat Ours et acc\u00e9der comme pour les voitures par la rue Mathurin Cordier. Attention \u00e0 la remarque ci-dessous:<\/p>\n<p style=\"text-align: justify;\"><span style=\"color: #ff0000;\">Depuis l&rsquo;automne 2016, la direction des \u00e9coles a mis en place une fermeture des locaux par les concierges \u00e0 18h45. Ce syst\u00e8me est absurde \u00e0 g\u00e9rer par les soci\u00e9t\u00e9s du soir, dont la n\u00f4tre, et perdure pour l&rsquo;instant malgr\u00e9 nos remarques et propositions de modification. La plupart des soci\u00e9t\u00e9s organisent une sorte de blocage de la porte, mais il se pourrait que ce ne soit pas le cas et que vous trouviez la porte close. Dans ce cas, appelez sur mon iphone No 079-601 1552 et nous descendrons vous ouvrir. D\u00e9sol\u00e9<\/span><\/p>\n<h3>Horaire<\/h3>\n<table border=\"0\">\n<tbody>\n<tr>\n<td>Cours d\u00e9butants (d\u00e8s 14\/15 ans)<\/td>\n<td style=\"text-align: center;\">LUNDI<\/td>\n<td style=\"text-align: center;\">19:00 &#8211; 20:00h<\/td>\n<\/tr>\n<tr>\n<td>Cours adultes mixtes<\/td>\n<td style=\"text-align: center;\">LUNDI<\/td>\n<td style=\"text-align: center;\">20:00 &#8211; 22:00h<\/td>\n<\/tr>\n<tr>\n<td>Cours adultes mixtes<\/td>\n<td style=\"text-align: center;\">JEUDI<\/td>\n<td style=\"text-align: center;\">20:00 &#8211; 22:00h<\/td>\n<\/tr>\n<tr>\n<td>Cours de perfectionnement + comp\u00e9tition \/ travail libre<\/td>\n<td style=\"text-align: center;\">VENDREDI<\/td>\n<td style=\"text-align: center;\">18:00 &#8211; 20:00h<\/td>\n<\/tr>\n<\/tbody>\n<\/table>\n<p>&nbsp;<\/p>\n<h3>Les entra\u00eenements sont assur\u00e9s par :<\/h3>\n<table style=\"height: 128px; width: 100%;\" width=\"900\">\n<tbody>\n<tr>\n<td style=\"width: 26.60891089108911%;\"><a href=\"http:\/\/karateakl.ch\/wp-content\/uploads\/2012\/02\/H3JotterandWeb.jpg\"><img loading=\"lazy\" decoding=\"async\" class=\"aligncenter\" title=\"Henri Jotterand\" src=\"http:\/\/karateakl.ch\/wp-content\/uploads\/2012\/02\/H3JotterandWeb-225x300.jpg\" alt=\"\" width=\"86\" height=\"114\"><\/a><\/td>\n<td style=\"width: 23.143564356435647%;\"><a href=\"http:\/\/karateakl.ch\/wp-content\/uploads\/2013\/09\/DSC_0055.jpg\"><img loading=\"lazy\" decoding=\"async\" class=\" aligncenter\" src=\"http:\/\/karateakl.ch\/wp-content\/uploads\/2013\/09\/DSC_0055-245x300.jpg\" alt=\"Tarik Boussekine\" width=\"84\" height=\"103\"><\/a><\/td>\n<td style=\"width: 25.742574257425744%;\"><img loading=\"lazy\" decoding=\"async\" class=\"wp-image-2866 aligncenter\" src=\"https:\/\/karateakl.ch\/wp-content\/uploads\/2021\/02\/Mehdi-e1613555553418-272x300.png\" alt=\"\" width=\"99\" height=\"110\" srcset=\"https:\/\/karateakl.ch\/wp-content\/uploads\/2021\/02\/Mehdi-e1613555553418-272x300.png 272w, https:\/\/karateakl.ch\/wp-content\/uploads\/2021\/02\/Mehdi-e1613555553418.png 345w\" sizes=\"(max-width: 99px) 100vw, 99px\" \/><\/td>\n<td style=\"width: 24.38118811881188%;\"><img loading=\"lazy\" decoding=\"async\" class=\"wp-image-2865 aligncenter\" src=\"https:\/\/karateakl.ch\/wp-content\/uploads\/2021\/02\/JFKarate-277x300.png\" alt=\"\" width=\"104\" height=\"113\" srcset=\"https:\/\/karateakl.ch\/wp-content\/uploads\/2021\/02\/JFKarate-277x300.png 277w, https:\/\/karateakl.ch\/wp-content\/uploads\/2021\/02\/JFKarate.png 337w\" sizes=\"(max-width: 104px) 100vw, 104px\" \/><\/td>\n<\/tr>\n<tr>\n<td style=\"text-align: center; width: 26.60891089108911%;\"><strong>Henri Jotterand<\/strong><br \/>\n<strong>Entra\u00eeneur principal<\/strong><br \/>\n5\u00e8me DAN<\/td>\n<td style=\"text-align: center; width: 23.143564356435647%;\"><strong>Tarik Boussekine<\/strong><br \/>\nEntra\u00eeneur<br \/>\n2\u00e8me DANmomentan\u00e9ment absent<\/td>\n<td style=\"text-align: center; width: 25.742574257425744%;\"><strong><strong><strong>Mehdi Azizi<br \/>\n<\/strong><\/strong><\/strong>Entra\u00eeneur<br \/>\n2\u00e8me DAN<\/td>\n<td style=\"text-align: center; width: 24.38118811881188%;\"><strong><strong><strong>Jean-Fran\u00e7ois St-Pierre<br \/>\n<\/strong><\/strong><\/strong>Entra\u00eeneur<br \/>\n2\u00e9me DAN<\/td>\n<\/tr>\n<\/tbody>\n<\/table>\n<p>&nbsp;<\/p>\n","protected":false},"excerpt":{"rendered":"<p>Adresse du dojo Salle de gym No 3 du coll\u00e8ge secondaire de B\u00e9thusy &#8211; Lausanne En voiture acc\u00e8s par la rue Mathurin Cordier, 1\u00e8re rue \u00e0 droite en montant la rue du Bugnon, puis entrer dans l\u2019enceinte du coll\u00e8ge et stationner dans le grand pr\u00e9au sur les places pr\u00e9vues \u00e0 cet effet. Par ligne de [&hellip;]<\/p>\n","protected":false},"author":1,"featured_media":0,"parent":0,"menu_order":0,"comment_status":"closed","ping_status":"open","template":"","meta":{"ngg_post_thumbnail":0,"footnotes":""},"class_list":["post-12","page","type-page","status-publish","czr-hentry"],"_links":{"self":[{"href":"https:\/\/karateakl.ch\/index.php?rest_route=\/wp\/v2\/pages\/12"}],"collection":[{"href":"https:\/\/karateakl.ch\/index.php?rest_route=\/wp\/v2\/pages"}],"about":[{"href":"https:\/\/karateakl.ch\/index.php?rest_route=\/wp\/v2\/types\/page"}],"author":[{"embeddable":true,"href":"https:\/\/karateakl.ch\/index.php?rest_route=\/wp\/v2\/users\/1"}],"replies":[{"embeddable":true,"href":"https:\/\/karateakl.ch\/index.php?rest_route=%2Fwp%2Fv2%2Fcomments&post=12"}],"version-history":[{"count":48,"href":"https:\/\/karateakl.ch\/index.php?rest_route=\/wp\/v2\/pages\/12\/revisions"}],"predecessor-version":[{"id":2927,"href":"https:\/\/karateakl.ch\/index.php?rest_route=\/wp\/v2\/pages\/12\/revisions\/2927"}],"wp:attachment":[{"href":"https:\/\/karateakl.ch\/index.php?rest_route=%2Fwp%2Fv2%2Fmedia&parent=12"}],"curies":[{"name":"wp","href":"https:\/\/api.w.org\/{rel}","templated":true}]}}