{"id":14,"date":"2012-02-11T00:33:34","date_gmt":"2012-02-11T00:33:34","guid":{"rendered":"http:\/\/karateakl.ch\/?page_id=14"},"modified":"2023-04-30T11:41:41","modified_gmt":"2023-04-30T09:41:41","slug":"programme","status":"publish","type":"page","link":"https:\/\/karateakl.ch\/?page_id=14","title":{"rendered":"Programme technique"},"content":{"rendered":"<h3>Syllabus KWF<\/h3>\n<table border=\"0\">\n<tbody>\n<tr>\n<td style=\"text-align: center;\">&nbsp;<\/td>\n<td style=\"text-align: center;\">&nbsp;<\/td>\n<td style=\"text-align: left;\">syllabus iFKOK + r\u00e8glement mondial&nbsp; <a href=\"http:\/\/karateakl.ch\/wp-content\/uploads\/2017\/12\/syllabus-iFKOK-2018-1-1.pdf\">PDF<\/a><\/td>\n<\/tr>\n<tr>\n<td>&nbsp;<\/td>\n<td>&nbsp;<\/td>\n<td>&nbsp;<\/td>\n<\/tr>\n<\/tbody>\n<\/table>\n<p>&nbsp;<\/p>\n<h3><span class=\"style8\">Syllabus KWF par grades en images<\/span><\/h3>\n<table style=\"height: 268px;\" border=\"0\" width=\"500\">\n<tbody>\n<tr>\n<td>10\u00e8me Kyu<\/td>\n<td><a href=\"http:\/\/karateakl.ch\/wp-content\/uploads\/2012\/02\/orange.gif\"><img loading=\"lazy\" decoding=\"async\" title=\"orange\" src=\"http:\/\/karateakl.ch\/wp-content\/uploads\/2012\/02\/orange.gif\" alt=\"\" width=\"170\" height=\"25\"><\/a><\/td>\n<td><a href=\"https:\/\/karateakl.ch\/wp-content\/uploads\/2019\/05\/10eme-KYU-iFKOK.pdf\">PDF<\/a><\/td>\n<td>3\u00e8me Kyu<\/td>\n<td><a href=\"http:\/\/karateakl.ch\/wp-content\/uploads\/2012\/02\/vert1.gif\"><img loading=\"lazy\" decoding=\"async\" title=\"vert1\" src=\"http:\/\/karateakl.ch\/wp-content\/uploads\/2012\/02\/vert1.gif\" alt=\"\" width=\"170\" height=\"25\"><\/a><\/td>\n<td><a href=\"http:\/\/karateakl.ch\/wp-content\/uploads\/2012\/02\/KWF-syllabus-en-images-3eme.pdf\">PDF<\/a><\/td>\n<\/tr>\n<tr>\n<td>9\u00e8me Kyu<\/td>\n<td><a href=\"http:\/\/karateakl.ch\/wp-content\/uploads\/2012\/02\/orange1.gif\"><img loading=\"lazy\" decoding=\"async\" title=\"orange1\" src=\"http:\/\/karateakl.ch\/wp-content\/uploads\/2012\/02\/orange1.gif\" alt=\"\" width=\"170\" height=\"25\"><\/a><\/td>\n<td><a href=\"http:\/\/karateakl.ch\/wp-content\/uploads\/2017\/12\/examen-9\u00e8me-kyu-jan-2018-1.pdf\">PDF<\/a><\/td>\n<td>&nbsp;2\u00e8me Kyu<\/td>\n<td><a href=\"http:\/\/karateakl.ch\/wp-content\/uploads\/2012\/02\/marron.gif\"><img loading=\"lazy\" decoding=\"async\" title=\"marron\" src=\"http:\/\/karateakl.ch\/wp-content\/uploads\/2012\/02\/marron.gif\" alt=\"\" width=\"170\" height=\"25\"><\/a><\/td>\n<td><a href=\"http:\/\/karateakl.ch\/wp-content\/uploads\/2012\/02\/KWF-syllabus-en-images-2eme.pdf\">PDF<\/a><\/td>\n<\/tr>\n<tr>\n<td>8\u00e8me Kyu<\/td>\n<td><a href=\"http:\/\/karateakl.ch\/wp-content\/uploads\/2012\/02\/bleu.gif\"><img loading=\"lazy\" decoding=\"async\" title=\"bleu\" src=\"http:\/\/karateakl.ch\/wp-content\/uploads\/2012\/02\/bleu.gif\" alt=\"\" width=\"170\" height=\"25\"><\/a><\/td>\n<td><a href=\"http:\/\/karateakl.ch\/wp-content\/uploads\/2012\/02\/KWF-syllabus-en-images-8eme.pdf\">PDF<\/a><\/td>\n<td>&nbsp;1er Kyu<\/td>\n<td><a href=\"http:\/\/karateakl.ch\/wp-content\/uploads\/2012\/02\/marron1.gif\"><img loading=\"lazy\" decoding=\"async\" title=\"marron1\" src=\"http:\/\/karateakl.ch\/wp-content\/uploads\/2012\/02\/marron1.gif\" alt=\"\" width=\"170\" height=\"25\"><\/a><\/td>\n<td><a href=\"http:\/\/karateakl.ch\/wp-content\/uploads\/2012\/02\/KWF-syllabus-en-images-1er.pdf\">PDF<\/a><\/td>\n<\/tr>\n<tr>\n<td>7\u00e8me Kyu<\/td>\n<td><a href=\"http:\/\/karateakl.ch\/wp-content\/uploads\/2012\/02\/bleu1.gif\"><img loading=\"lazy\" decoding=\"async\" title=\"bleu1\" src=\"http:\/\/karateakl.ch\/wp-content\/uploads\/2012\/02\/bleu1.gif\" alt=\"\" width=\"170\" height=\"25\"><\/a><\/td>\n<td><a href=\"http:\/\/karateakl.ch\/wp-content\/uploads\/2012\/02\/KWF-syllabus-en-images-7eme.pdf\">PDF<\/a><\/td>\n<td>&nbsp;1\u00e8re Dan<\/td>\n<td><a href=\"http:\/\/karateakl.ch\/wp-content\/uploads\/2012\/02\/Dan1.gif\"><img loading=\"lazy\" decoding=\"async\" title=\"Dan1\" src=\"http:\/\/karateakl.ch\/wp-content\/uploads\/2012\/02\/Dan1.gif\" alt=\"\" width=\"170\" height=\"25\"><\/a><\/td>\n<td><a href=\"http:\/\/karateakl.ch\/wp-content\/uploads\/2012\/02\/KWF-syllabus-en-images-1er-dan.pdf\">PDF<\/a><\/td>\n<\/tr>\n<tr>\n<td>6\u00e8me Kyu<\/td>\n<td><a href=\"http:\/\/karateakl.ch\/wp-content\/uploads\/2012\/02\/jaune.gif\"><img loading=\"lazy\" decoding=\"async\" title=\"jaune\" src=\"http:\/\/karateakl.ch\/wp-content\/uploads\/2012\/02\/jaune.gif\" alt=\"\" width=\"170\" height=\"25\"><\/a><\/td>\n<td><a href=\"http:\/\/karateakl.ch\/wp-content\/uploads\/2012\/02\/KWF-syllabus-en-images-6eme.pdf\">PDF<\/a><\/td>\n<td>&nbsp;2\u00e8me Dan<\/td>\n<td><a href=\"http:\/\/karateakl.ch\/wp-content\/uploads\/2012\/02\/Dan21.gif\"><img loading=\"lazy\" decoding=\"async\" title=\"Dan2\" src=\"http:\/\/karateakl.ch\/wp-content\/uploads\/2012\/02\/Dan21.gif\" alt=\"\" width=\"170\" height=\"25\"><\/a><\/td>\n<td>&nbsp;<\/td>\n<\/tr>\n<tr>\n<td>5\u00e8me Kyu<\/td>\n<td><a href=\"http:\/\/karateakl.ch\/wp-content\/uploads\/2012\/02\/jaune1.gif\"><img loading=\"lazy\" decoding=\"async\" title=\"jaune1\" src=\"http:\/\/karateakl.ch\/wp-content\/uploads\/2012\/02\/jaune1.gif\" alt=\"\" width=\"170\" height=\"25\"><\/a><\/td>\n<td><a href=\"http:\/\/karateakl.ch\/wp-content\/uploads\/2012\/02\/KWF-syllabus-en-images-5eme.pdf\">PDF<\/a><\/td>\n<td>&nbsp;3\u00e8me Dan<\/td>\n<td><a href=\"http:\/\/karateakl.ch\/wp-content\/uploads\/2012\/02\/Dan3.gif\"><img loading=\"lazy\" decoding=\"async\" title=\"Dan3\" src=\"http:\/\/karateakl.ch\/wp-content\/uploads\/2012\/02\/Dan3.gif\" alt=\"\" width=\"170\" height=\"25\"><\/a><\/td>\n<td>&nbsp;<\/td>\n<\/tr>\n<tr>\n<td>4\u00e8me Kyu<\/td>\n<td><a href=\"http:\/\/karateakl.ch\/wp-content\/uploads\/2012\/02\/vert.gif\"><img loading=\"lazy\" decoding=\"async\" title=\"vert\" src=\"http:\/\/karateakl.ch\/wp-content\/uploads\/2012\/02\/vert.gif\" alt=\"\" width=\"170\" height=\"25\"><\/a><\/td>\n<td><a href=\"http:\/\/karateakl.ch\/wp-content\/uploads\/2012\/02\/KWF-syllabus-en-images-4eme.pdf\">PDF<\/a><\/td>\n<td>&nbsp;4\u00e8me Dan<\/td>\n<td><a href=\"http:\/\/karateakl.ch\/wp-content\/uploads\/2012\/02\/Dan4.gif\"><img loading=\"lazy\" decoding=\"async\" title=\"Dan4\" src=\"http:\/\/karateakl.ch\/wp-content\/uploads\/2012\/02\/Dan4.gif\" alt=\"\" width=\"170\" height=\"25\"><\/a><\/td>\n<td>&nbsp;<\/td>\n<\/tr>\n<\/tbody>\n<\/table>\n<p>&nbsp;<\/p>\n<h3>Programme et applications d&rsquo;examens par kyu<\/h3>\n<table style=\"height: 268px; width: 734px;\" border=\"0\">\n<tbody>\n<tr>\n<td style=\"width: 89px;\">10\u00e8me Kyu<\/td>\n<td style=\"width: 205.8px;\"><a href=\"http:\/\/karateakl.ch\/wp-content\/uploads\/2012\/02\/orange.gif\"><img loading=\"lazy\" decoding=\"async\" title=\"orange\" src=\"http:\/\/karateakl.ch\/wp-content\/uploads\/2012\/02\/orange.gif\" alt=\"\" width=\"170\" height=\"25\"><\/a><\/td>\n<td style=\"width: 38.2px;\"><a href=\"http:\/\/karateakl.ch\/wp-content\/uploads\/2016\/01\/examen-10\u00e8me-kyu-jan-2016.pdf\">&nbsp;<\/a>PDF<\/td>\n<td style=\"width: 85px;\">3\u00e8me Kyu<\/td>\n<td style=\"width: 204px;\"><a href=\"http:\/\/karateakl.ch\/wp-content\/uploads\/2012\/02\/vert1.gif\"><img loading=\"lazy\" decoding=\"async\" title=\"vert1\" src=\"http:\/\/karateakl.ch\/wp-content\/uploads\/2012\/02\/vert1.gif\" alt=\"\" width=\"170\" height=\"25\"><\/a><\/td>\n<td style=\"width: 40px;\">&nbsp;<a href=\"http:\/\/karateakl.ch\/wp-content\/uploads\/2018\/01\/3eme-KYU-iFKOK.pdf\">PDF<\/a><\/td>\n<\/tr>\n<tr>\n<td style=\"width: 89px;\">9\u00e8me Kyu<\/td>\n<td style=\"width: 205.8px;\"><a href=\"http:\/\/karateakl.ch\/wp-content\/uploads\/2012\/02\/orange1.gif\"><img loading=\"lazy\" decoding=\"async\" title=\"orange1\" src=\"http:\/\/karateakl.ch\/wp-content\/uploads\/2012\/02\/orange1.gif\" alt=\"\" width=\"170\" height=\"25\"><\/a><\/td>\n<td style=\"width: 38.2px;\"><a href=\"http:\/\/karateakl.ch\/wp-content\/uploads\/2017\/06\/examen-9eme-kyu-mai-2107.pdf\">PDF<\/a><\/td>\n<td style=\"width: 85px;\">&nbsp;2\u00e8me Kyu<\/td>\n<td style=\"width: 204px;\"><a href=\"http:\/\/karateakl.ch\/wp-content\/uploads\/2012\/02\/marron.gif\"><img loading=\"lazy\" decoding=\"async\" title=\"marron\" src=\"http:\/\/karateakl.ch\/wp-content\/uploads\/2012\/02\/marron.gif\" alt=\"\" width=\"170\" height=\"25\"><\/a><\/td>\n<td style=\"width: 40px;\">&nbsp;<a href=\"http:\/\/karateakl.ch\/wp-content\/uploads\/2018\/01\/examen-2\u00e8me-kyu-jan-2018.pdf\">PDF<\/a><\/td>\n<\/tr>\n<tr>\n<td style=\"width: 89px;\">8\u00e8me Kyu<\/td>\n<td style=\"width: 205.8px;\"><a href=\"http:\/\/karateakl.ch\/wp-content\/uploads\/2012\/02\/bleu.gif\"><img loading=\"lazy\" decoding=\"async\" title=\"bleu\" src=\"http:\/\/karateakl.ch\/wp-content\/uploads\/2012\/02\/bleu.gif\" alt=\"\" width=\"170\" height=\"25\"><\/a><\/td>\n<td style=\"width: 38.2px;\"><a href=\"http:\/\/karateakl.ch\/wp-content\/uploads\/2017\/12\/examen-8\u00e8me-kyu-jan-2018.pdf\">PDF<\/a><\/td>\n<td style=\"width: 85px;\">&nbsp;1er Kyu<\/td>\n<td style=\"width: 204px;\"><a href=\"http:\/\/karateakl.ch\/wp-content\/uploads\/2012\/02\/marron1.gif\"><img loading=\"lazy\" decoding=\"async\" title=\"marron1\" src=\"http:\/\/karateakl.ch\/wp-content\/uploads\/2012\/02\/marron1.gif\" alt=\"\" width=\"170\" height=\"25\"><\/a><\/td>\n<td style=\"width: 40px;\">&nbsp;<a href=\"http:\/\/karateakl.ch\/wp-content\/uploads\/2018\/01\/examen-1er-kyu-jan-2018.pdf\">PDF<\/a><\/td>\n<\/tr>\n<tr>\n<td style=\"width: 89px;\">7\u00e8me Kyu<\/td>\n<td style=\"width: 205.8px;\"><a href=\"http:\/\/karateakl.ch\/wp-content\/uploads\/2012\/02\/bleu1.gif\"><img loading=\"lazy\" decoding=\"async\" title=\"bleu1\" src=\"http:\/\/karateakl.ch\/wp-content\/uploads\/2012\/02\/bleu1.gif\" alt=\"\" width=\"170\" height=\"25\"><\/a><\/td>\n<td style=\"width: 38.2px;\"><a href=\"http:\/\/karateakl.ch\/wp-content\/uploads\/2017\/12\/examen-7\u00e8me-kyu-jan-2018-1.pdf\">PDF<\/a><\/td>\n<td style=\"width: 85px;\">&nbsp;1\u00e8re Dan<\/td>\n<td style=\"width: 204px;\"><a href=\"http:\/\/karateakl.ch\/wp-content\/uploads\/2012\/02\/Dan1.gif\"><img loading=\"lazy\" decoding=\"async\" title=\"Dan1\" src=\"http:\/\/karateakl.ch\/wp-content\/uploads\/2012\/02\/Dan1.gif\" alt=\"\" width=\"170\" height=\"25\"><\/a><\/td>\n<td style=\"width: 40px;\"><a href=\"http:\/\/karateakl.ch\/wp-content\/uploads\/2012\/02\/KWF-syllabus-en-images-1er-dan.pdf\">&nbsp;<\/a><\/td>\n<\/tr>\n<tr>\n<td style=\"width: 89px;\">6\u00e8me Kyu<\/td>\n<td style=\"width: 205.8px;\"><a href=\"http:\/\/karateakl.ch\/wp-content\/uploads\/2012\/02\/jaune.gif\"><img loading=\"lazy\" decoding=\"async\" title=\"jaune\" src=\"http:\/\/karateakl.ch\/wp-content\/uploads\/2012\/02\/jaune.gif\" alt=\"\" width=\"170\" height=\"25\"><\/a><\/td>\n<td style=\"width: 38.2px;\"><a href=\"http:\/\/karateakl.ch\/wp-content\/uploads\/2018\/03\/examen-6\u00e8me-kyu-jan-2018.pdf\">PDF<\/a><\/td>\n<td style=\"width: 85px;\">&nbsp;2\u00e8me Dan<\/td>\n<td style=\"width: 204px;\"><a href=\"http:\/\/karateakl.ch\/wp-content\/uploads\/2012\/02\/Dan21.gif\"><img loading=\"lazy\" decoding=\"async\" title=\"Dan2\" src=\"http:\/\/karateakl.ch\/wp-content\/uploads\/2012\/02\/Dan21.gif\" alt=\"\" width=\"170\" height=\"25\"><\/a><\/td>\n<td style=\"width: 40px;\">&nbsp;<\/td>\n<\/tr>\n<tr>\n<td style=\"width: 89px;\">5\u00e8me Kyu<\/td>\n<td style=\"width: 205.8px;\"><a href=\"http:\/\/karateakl.ch\/wp-content\/uploads\/2012\/02\/jaune1.gif\"><img loading=\"lazy\" decoding=\"async\" title=\"jaune1\" src=\"http:\/\/karateakl.ch\/wp-content\/uploads\/2012\/02\/jaune1.gif\" alt=\"\" width=\"170\" height=\"25\"><\/a><\/td>\n<td style=\"width: 38.2px;\">&nbsp;<a href=\"http:\/\/karateakl.ch\/wp-content\/uploads\/2018\/01\/examen-5eme-kyu-jan-2018.pdf\">PDF<\/a><\/td>\n<td style=\"width: 85px;\">&nbsp;3\u00e8me Dan<\/td>\n<td style=\"width: 204px;\"><a href=\"http:\/\/karateakl.ch\/wp-content\/uploads\/2012\/02\/Dan3.gif\"><img loading=\"lazy\" decoding=\"async\" title=\"Dan3\" src=\"http:\/\/karateakl.ch\/wp-content\/uploads\/2012\/02\/Dan3.gif\" alt=\"\" width=\"170\" height=\"25\"><\/a><\/td>\n<td style=\"width: 40px;\">&nbsp;<\/td>\n<\/tr>\n<tr>\n<td style=\"width: 89px;\">4\u00e8me Kyu<\/td>\n<td style=\"width: 205.8px;\"><a href=\"http:\/\/karateakl.ch\/wp-content\/uploads\/2012\/02\/vert.gif\"><img loading=\"lazy\" decoding=\"async\" title=\"vert\" src=\"http:\/\/karateakl.ch\/wp-content\/uploads\/2012\/02\/vert.gif\" alt=\"\" width=\"170\" height=\"25\"><\/a><\/td>\n<td style=\"width: 38.2px;\"><a href=\"http:\/\/karateakl.ch\/wp-content\/uploads\/2017\/02\/examen-4eme-kyu-mars-2017.pdf\">&nbsp;<\/a><a href=\"http:\/\/karateakl.ch\/wp-content\/uploads\/2018\/01\/examen-4\u00e8me-kyu-jan-2018.pdf\">PDF<\/a><\/td>\n<td style=\"width: 85px;\">&nbsp;4\u00e8me Dan<\/td>\n<td style=\"width: 204px;\"><a href=\"http:\/\/karateakl.ch\/wp-content\/uploads\/2012\/02\/Dan4.gif\"><img loading=\"lazy\" decoding=\"async\" title=\"Dan4\" src=\"http:\/\/karateakl.ch\/wp-content\/uploads\/2012\/02\/Dan4.gif\" alt=\"\" width=\"170\" height=\"25\"><\/a><\/td>\n<td style=\"width: 40px;\">&nbsp;<\/td>\n<\/tr>\n<\/tbody>\n<\/table>\n<p>&nbsp;<\/p>\n<h3>Lexique<\/h3>\n<table style=\"width: 500px; height: 56px;\" border=\"0\">\n<tbody>\n<tr align=\"center\" valign=\"middle\">\n<td style=\"text-align: left;\" align=\"center\" valign=\"middle\">Les termes les plus utilis\u00e9s en Karat\u00e9 Kyokushinkai<\/td>\n<td>En japonais, fran\u00e7ais et anglais<\/td>\n<td><a href=\"http:\/\/karateakl.ch\/wp-content\/uploads\/2014\/04\/lexique-pour-site-web.pdf\"><span style=\"font-size: medium;\">PDF<\/span><\/a><\/td>\n<\/tr>\n<\/tbody>\n<\/table>\n<p>&nbsp;<\/p>\n<div id=\"s3gt_translate_tooltip_mini\" class=\"s3gt_translate_tooltip_mini_box\" style=\"background: initial !important; border: initial !important; border-radius: initial !important; border-spacing: initial !important; border-collapse: initial !important; direction: ltr !important; flex-direction: initial !important; font-weight: initial !important; height: initial !important; letter-spacing: initial !important; min-width: initial !important; max-width: initial !important; min-height: initial !important; max-height: initial !important; margin: auto !important; outline: initial !important; padding: initial !important; position: absolute; table-layout: initial !important; text-align: initial !important; text-shadow: initial !important; width: initial !important; word-break: initial !important; word-spacing: initial !important; overflow-wrap: initial !important; box-sizing: initial !important; display: initial !important; color: inherit !important; font-size: 13px !important; font-family: X-LocaleSpecific, sans-serif, Tahoma, Helvetica !important; line-height: 13px !important; vertical-align: top !important; white-space: inherit !important; left: 336px; top: 790px; opacity: 0.25;\">\n<div id=\"s3gt_translate_tooltip_mini_logo\" class=\"s3gt_translate_tooltip_mini\" title=\"Traduire le texte s\u00e9lectionn\u00e9\">&nbsp;<\/div>\n<div id=\"s3gt_translate_tooltip_mini_sound\" class=\"s3gt_translate_tooltip_mini\" title=\"Lecture\">&nbsp;<\/div>\n<div id=\"s3gt_translate_tooltip_mini_copy\" class=\"s3gt_translate_tooltip_mini\" title=\"Copier le texte dans le presse-papiers\">&nbsp;<\/div>\n<\/div>\n<div id=\"s3gt_translate_tooltip_mini\" class=\"s3gt_translate_tooltip_mini_box\" style=\"background: initial !important; border: initial !important; border-radius: initial !important; border-spacing: initial !important; border-collapse: initial !important; direction: ltr !important; flex-direction: initial !important; font-weight: initial !important; height: initial !important; letter-spacing: initial !important; min-width: initial !important; max-width: initial !important; min-height: initial !important; max-height: initial !important; margin: auto !important; outline: initial !important; padding: initial !important; position: absolute; table-layout: initial !important; text-align: initial !important; text-shadow: initial !important; width: initial !important; word-break: initial !important; word-spacing: initial !important; overflow-wrap: initial !important; box-sizing: initial !important; display: initial !important; color: inherit !important; font-size: 13px !important; font-family: X-LocaleSpecific, sans-serif, Tahoma, Helvetica !important; line-height: 13px !important; vertical-align: top !important; white-space: inherit !important; left: 353px; top: 882px;\">\n<div id=\"s3gt_translate_tooltip_mini_logo\" class=\"s3gt_translate_tooltip_mini\" title=\"Traduire le texte s\u00e9lectionn\u00e9\">&nbsp;<\/div>\n<div id=\"s3gt_translate_tooltip_mini_sound\" class=\"s3gt_translate_tooltip_mini\" title=\"Lecture\">&nbsp;<\/div>\n<div id=\"s3gt_translate_tooltip_mini_copy\" class=\"s3gt_translate_tooltip_mini\" title=\"Copier le texte dans le presse-papiers\">&nbsp;<\/div>\n<\/div>\n","protected":false},"excerpt":{"rendered":"<p>Syllabus KWF &nbsp; &nbsp; syllabus iFKOK + r\u00e8glement mondial&nbsp; PDF &nbsp; &nbsp; &nbsp; &nbsp; Syllabus KWF par grades en images 10\u00e8me Kyu PDF 3\u00e8me Kyu PDF 9\u00e8me Kyu PDF &nbsp;2\u00e8me Kyu PDF 8\u00e8me Kyu PDF &nbsp;1er Kyu PDF 7\u00e8me Kyu PDF &nbsp;1\u00e8re Dan PDF 6\u00e8me Kyu PDF &nbsp;2\u00e8me Dan &nbsp; 5\u00e8me Kyu PDF &nbsp;3\u00e8me Dan [&hellip;]<\/p>\n","protected":false},"author":1,"featured_media":0,"parent":0,"menu_order":0,"comment_status":"closed","ping_status":"open","template":"","meta":{"ngg_post_thumbnail":0,"footnotes":""},"class_list":["post-14","page","type-page","status-publish","czr-hentry"],"_links":{"self":[{"href":"https:\/\/karateakl.ch\/index.php?rest_route=\/wp\/v2\/pages\/14"}],"collection":[{"href":"https:\/\/karateakl.ch\/index.php?rest_route=\/wp\/v2\/pages"}],"about":[{"href":"https:\/\/karateakl.ch\/index.php?rest_route=\/wp\/v2\/types\/page"}],"author":[{"embeddable":true,"href":"https:\/\/karateakl.ch\/index.php?rest_route=\/wp\/v2\/users\/1"}],"replies":[{"embeddable":true,"href":"https:\/\/karateakl.ch\/index.php?rest_route=%2Fwp%2Fv2%2Fcomments&post=14"}],"version-history":[{"count":103,"href":"https:\/\/karateakl.ch\/index.php?rest_route=\/wp\/v2\/pages\/14\/revisions"}],"predecessor-version":[{"id":2931,"href":"https:\/\/karateakl.ch\/index.php?rest_route=\/wp\/v2\/pages\/14\/revisions\/2931"}],"wp:attachment":[{"href":"https:\/\/karateakl.ch\/index.php?rest_route=%2Fwp%2Fv2%2Fmedia&parent=14"}],"curies":[{"name":"wp","href":"https:\/\/api.w.org\/{rel}","templated":true}]}}