{"id":16,"date":"2012-02-11T00:33:53","date_gmt":"2012-02-11T00:33:53","guid":{"rendered":"http:\/\/karateakl.ch\/?page_id=16"},"modified":"2014-11-27T20:56:52","modified_gmt":"2014-11-27T20:56:52","slug":"nos-photos","status":"publish","type":"page","link":"https:\/\/karateakl.ch\/?page_id=16","title":{"rendered":"Stage des Diablerets"},"content":{"rendered":"<h3 style=\"text-align: left;\">Compte rendu du stage des Diablerets du 4 au 6 novembre 2011.<\/h3>\n<p style=\"text-align: justify;\">Avec une m\u00e9t\u00e9o qui fut tr\u00e8s agr\u00e9able, contrairement au d\u00e9luge annonc\u00e9, ce 1er stage international KSF a \u00e9t\u00e9 un vrai r\u00e9gal. La cinquantaine d&rsquo;\u00e9l\u00e8ves pr\u00e9sents ont pu appr\u00e9cier l&rsquo;enseignement de nos 2 instructeurs fran\u00e7ais, Bertrand Kron et J\u00e9r\u00f4me de Timmermann. L&rsquo;accent principal avait \u00e9t\u00e9 choisi sur le travail des fondamentaux, avec en point d&rsquo;orgue l&rsquo;\u00e9tude du kata Seienchin au travers des bunkais et ceci pour tous les grades.<\/p>\n<p style=\"text-align: justify;\">Des techniques aussi \u00ab\u00a0connues\u00a0\u00bb que Mawashi Geri,, par exemple, ont \u00e9t\u00e9 r\u00e9\u00e9tudi\u00e9es \u00e0 la lumi\u00e8re des connaissances morphologiques et m\u00e9dicales de Bertrand. M\u00eame les ceintures noires pr\u00e9sentes ont pu en prendre de la graine. L&rsquo;apport du taiki ken comme phase d&rsquo;\u00e9chauffement s&rsquo;est rapidement manifest\u00e9 redoutable pour les muscles de nos cuisses et jambes peu entra\u00een\u00e9es \u00e0 cette sollicitation. Du travail en perspective.<\/p>\n<p style=\"text-align: justify;\">L&rsquo;enthousiasme g\u00e9n\u00e9ral qui s&rsquo;est d\u00e9gag\u00e9 durant ce week-end a g\u00e9n\u00e9r\u00e9 une ambiance de travail tr\u00e8s fructueuse et porteuse d&rsquo;avenir pour notre toute jeune f\u00e9d\u00e9ration avec la pr\u00e9sence de membres des 3 clubs (Lausanne, Sierre et Morges) qui la constitue pour l&rsquo;instant. Soulignons aussi la participation de Alexis, Hubert et Lydie, hauts grad\u00e9s, tr\u00e8s sympathiques, venus de clubs frontaliers qui ont apport\u00e9s leur contribution \u00e0 l&rsquo;excellent niveau de ce stage.<\/p>\n<p style=\"text-align: justify;\">Le dimanche a \u00e9t\u00e9 le moment des passages de grades, du 10\u00e8me au 7\u00e8me kyu, avec une bonne vingtaine de candidats. Autant le dire tout de suite tous ont r\u00e9sussi et \u00e7a n&rsquo;a pas \u00e9t\u00e9 un cadeau. L&rsquo;examen s&rsquo;est d\u00e9roul\u00e9 sur le mode participatif, les candidats au 7\u00e8me kyu, par exemple, ont ex\u00e9cut\u00e9 le programme des grades ant\u00e9rieurs en m\u00eame temps, etc. Je f\u00e9licite l&rsquo;ensemble des candidats pour leur \u00e9nergie sans faiblesse qu&rsquo;ils ont fournis durant les 3 heures qu&rsquo;a dur\u00e9 ce test. Un bravo sp\u00e9cial \u00e0 nos plus jeunes qui ont \u00a0\u00e9t\u00e9 capable de la concentration n\u00e9cessaire et ont bien surmont\u00e9s la tension in\u00e9vitable par moment dans ce gendre d&rsquo;\u00e9preuve. Dies vous que vous venez d&rsquo;ouvrir une lucarne sur ce que vous allez affronter lors de votre 1\u00e8re comp\u00e9tition. Bravo les gars!<\/p>\n<p style=\"text-align: justify;\">je remercie tout le monde d&rsquo;avoir contribu\u00e9 au succ\u00e8s de ce stage.\u00a0<span style=\"line-height: 1.5;\">Une mention particuli\u00e8re \u00e0 Beno\u00eet notre cuisto-karateka. Non seulement\u00a0<\/span><span style=\"line-height: 1.5;\">ils nous a r\u00e9gal\u00e9, mais il \u00e9tait aussi pr\u00e9sent aux entra\u00eenements. Mais\u00a0<\/span><span style=\"line-height: 1.5;\">comment fait-il?&#8230;&#8230;&#8230;ah\u00a0 mais bien sur il y avait une petite souris\u00a0<\/span><span style=\"line-height: 1.5;\">qui a travaill\u00e9 dans l&rsquo;ombre pour pr\u00e9parer\u00a0 les tables, nettoyer les\u00a0<\/span><span style=\"line-height: 1.5;\">grosses casseroles, faire quelques courses rapides et &#8230;&#8230;&#8230;les\u00a0<\/span><span style=\"line-height: 1.5;\">photos que vous admirez. Merci Monique je te fais un gros bisou.<\/span><\/p>\n<p style=\"text-align: justify;\"><span style=\"line-height: 1.5;\">Ci-joint quelques photos. et d&rsquo;autres sur le site de FKOK<\/span><br \/>\n<a href=\"http:\/\/www.kyokushinkai-france.com\/\" target=\"_blank\">www.kyokushinkai-france.com<\/a><\/p>\n<p style=\"text-align: justify;\">Henri<\/p>\n\n\t\t<style type=\"text\/css\">\n\t\t\t#gallery-1 {\n\t\t\t\tmargin: auto;\n\t\t\t}\n\t\t\t#gallery-1 .gallery-item {\n\t\t\t\tfloat: left;\n\t\t\t\tmargin-top: 10px;\n\t\t\t\ttext-align: center;\n\t\t\t\twidth: 33%;\n\t\t\t}\n\t\t\t#gallery-1 img {\n\t\t\t\tborder: 2px solid #cfcfcf;\n\t\t\t}\n\t\t\t#gallery-1 .gallery-caption {\n\t\t\t\tmargin-left: 0;\n\t\t\t}\n\t\t\t\/* see gallery_shortcode() in wp-includes\/media.php *\/\n\t\t<\/style>\n\t\t<div id='gallery-1' class='gallery galleryid-16 gallery-columns-3 gallery-size-thumbnail'><dl class='gallery-item'>\n\t\t\t<dt class='gallery-icon landscape'>\n\t\t\t\t<a class=\"grouped_elements\" rel=\"tc-fancybox-group\" href=\"https:\/\/karateakl.ch\/wp-content\/uploads\/2012\/02\/diablerets.jpg\" title=\"2011 stage diablerets\"><img loading=\"lazy\" decoding=\"async\" width=\"150\" height=\"150\" src=\"https:\/\/karateakl.ch\/wp-content\/uploads\/2012\/02\/diablerets-150x150.jpg\" class=\"attachment-thumbnail size-thumbnail\" alt=\"\" \/><\/a>\n\t\t\t<\/dt><\/dl><dl class='gallery-item'>\n\t\t\t<dt class='gallery-icon landscape'>\n\t\t\t\t<a class=\"grouped_elements\" rel=\"tc-fancybox-group\" href=\"https:\/\/karateakl.ch\/wp-content\/uploads\/2012\/02\/diablerets1.jpg\" title=\"2011 stage diablerets\"><img loading=\"lazy\" decoding=\"async\" width=\"150\" height=\"150\" src=\"https:\/\/karateakl.ch\/wp-content\/uploads\/2012\/02\/diablerets1-150x150.jpg\" class=\"attachment-thumbnail size-thumbnail\" alt=\"\" \/><\/a>\n\t\t\t<\/dt><\/dl><dl class='gallery-item'>\n\t\t\t<dt class='gallery-icon landscape'>\n\t\t\t\t<a class=\"grouped_elements\" rel=\"tc-fancybox-group\" href=\"https:\/\/karateakl.ch\/wp-content\/uploads\/2012\/02\/diablerets3.jpg\" title=\"2011 stage diablerets\"><img loading=\"lazy\" decoding=\"async\" width=\"150\" height=\"150\" src=\"https:\/\/karateakl.ch\/wp-content\/uploads\/2012\/02\/diablerets3-150x150.jpg\" class=\"attachment-thumbnail size-thumbnail\" alt=\"\" \/><\/a>\n\t\t\t<\/dt><\/dl><br style=\"clear: both\" \/><dl class='gallery-item'>\n\t\t\t<dt class='gallery-icon landscape'>\n\t\t\t\t<a class=\"grouped_elements\" rel=\"tc-fancybox-group\" href=\"https:\/\/karateakl.ch\/wp-content\/uploads\/2012\/02\/diablerets4.jpg\" title=\"2011 stage diablerets\"><img loading=\"lazy\" decoding=\"async\" width=\"150\" height=\"150\" src=\"https:\/\/karateakl.ch\/wp-content\/uploads\/2012\/02\/diablerets4-150x150.jpg\" class=\"attachment-thumbnail size-thumbnail\" alt=\"\" \/><\/a>\n\t\t\t<\/dt><\/dl><dl class='gallery-item'>\n\t\t\t<dt class='gallery-icon landscape'>\n\t\t\t\t<a class=\"grouped_elements\" rel=\"tc-fancybox-group\" href=\"https:\/\/karateakl.ch\/wp-content\/uploads\/2012\/02\/diablerets5.jpg\" title=\"2011 stage diablerets\"><img loading=\"lazy\" decoding=\"async\" width=\"150\" height=\"150\" src=\"https:\/\/karateakl.ch\/wp-content\/uploads\/2012\/02\/diablerets5-150x150.jpg\" class=\"attachment-thumbnail size-thumbnail\" alt=\"\" \/><\/a>\n\t\t\t<\/dt><\/dl><dl class='gallery-item'>\n\t\t\t<dt class='gallery-icon landscape'>\n\t\t\t\t<a class=\"grouped_elements\" rel=\"tc-fancybox-group\" href=\"https:\/\/karateakl.ch\/wp-content\/uploads\/2012\/02\/diablerets6.jpg\" title=\"2011 stage diablerets\"><img loading=\"lazy\" decoding=\"async\" width=\"150\" height=\"150\" src=\"https:\/\/karateakl.ch\/wp-content\/uploads\/2012\/02\/diablerets6-150x150.jpg\" class=\"attachment-thumbnail size-thumbnail\" alt=\"\" \/><\/a>\n\t\t\t<\/dt><\/dl><br style=\"clear: both\" \/><dl class='gallery-item'>\n\t\t\t<dt class='gallery-icon landscape'>\n\t\t\t\t<a class=\"grouped_elements\" rel=\"tc-fancybox-group\" href=\"https:\/\/karateakl.ch\/wp-content\/uploads\/2012\/02\/diablerets7.jpg\" title=\"2011 stage diablerets\"><img loading=\"lazy\" decoding=\"async\" width=\"150\" height=\"150\" src=\"https:\/\/karateakl.ch\/wp-content\/uploads\/2012\/02\/diablerets7-150x150.jpg\" class=\"attachment-thumbnail size-thumbnail\" alt=\"\" \/><\/a>\n\t\t\t<\/dt><\/dl><dl class='gallery-item'>\n\t\t\t<dt class='gallery-icon landscape'>\n\t\t\t\t<a class=\"grouped_elements\" rel=\"tc-fancybox-group\" href=\"https:\/\/karateakl.ch\/wp-content\/uploads\/2012\/02\/diablerets9.jpg\" title=\"2011 stage diablerets\"><img loading=\"lazy\" decoding=\"async\" width=\"150\" height=\"150\" src=\"https:\/\/karateakl.ch\/wp-content\/uploads\/2012\/02\/diablerets9-150x150.jpg\" class=\"attachment-thumbnail size-thumbnail\" alt=\"\" \/><\/a>\n\t\t\t<\/dt><\/dl><dl class='gallery-item'>\n\t\t\t<dt class='gallery-icon landscape'>\n\t\t\t\t<a class=\"grouped_elements\" rel=\"tc-fancybox-group\" href=\"https:\/\/karateakl.ch\/wp-content\/uploads\/2012\/02\/diablerets10.jpg\" title=\"2011 stage diablerets\"><img loading=\"lazy\" decoding=\"async\" width=\"150\" height=\"150\" src=\"https:\/\/karateakl.ch\/wp-content\/uploads\/2012\/02\/diablerets10-150x150.jpg\" class=\"attachment-thumbnail size-thumbnail\" alt=\"\" \/><\/a>\n\t\t\t<\/dt><\/dl><br style=\"clear: both\" \/><dl class='gallery-item'>\n\t\t\t<dt class='gallery-icon landscape'>\n\t\t\t\t<a class=\"grouped_elements\" rel=\"tc-fancybox-group\" href=\"https:\/\/karateakl.ch\/wp-content\/uploads\/2012\/02\/diablerets11.jpg\" title=\"2011 stage diablerets\"><img loading=\"lazy\" decoding=\"async\" width=\"150\" height=\"150\" src=\"https:\/\/karateakl.ch\/wp-content\/uploads\/2012\/02\/diablerets11-150x150.jpg\" class=\"attachment-thumbnail size-thumbnail\" alt=\"\" \/><\/a>\n\t\t\t<\/dt><\/dl><dl class='gallery-item'>\n\t\t\t<dt class='gallery-icon landscape'>\n\t\t\t\t<a class=\"grouped_elements\" rel=\"tc-fancybox-group\" href=\"https:\/\/karateakl.ch\/wp-content\/uploads\/2012\/02\/diablerets12.jpg\" title=\"2011 stage diablerets\"><img loading=\"lazy\" decoding=\"async\" width=\"150\" height=\"150\" src=\"https:\/\/karateakl.ch\/wp-content\/uploads\/2012\/02\/diablerets12-150x150.jpg\" class=\"attachment-thumbnail size-thumbnail\" alt=\"\" \/><\/a>\n\t\t\t<\/dt><\/dl><dl class='gallery-item'>\n\t\t\t<dt class='gallery-icon landscape'>\n\t\t\t\t<a class=\"grouped_elements\" rel=\"tc-fancybox-group\" href=\"https:\/\/karateakl.ch\/wp-content\/uploads\/2012\/02\/diablerets13.jpg\" title=\"2011 stage diablerets\"><img loading=\"lazy\" decoding=\"async\" width=\"150\" height=\"150\" src=\"https:\/\/karateakl.ch\/wp-content\/uploads\/2012\/02\/diablerets13-150x150.jpg\" class=\"attachment-thumbnail size-thumbnail\" alt=\"\" \/><\/a>\n\t\t\t<\/dt><\/dl><br style=\"clear: both\" \/>\n\t\t<\/div>\n\n","protected":false},"excerpt":{"rendered":"<p>Compte rendu du stage des Diablerets du 4 au 6 novembre 2011. Avec une m\u00e9t\u00e9o qui fut tr\u00e8s agr\u00e9able, contrairement au d\u00e9luge annonc\u00e9, ce 1er stage international KSF a \u00e9t\u00e9 un vrai r\u00e9gal. La cinquantaine d&rsquo;\u00e9l\u00e8ves pr\u00e9sents ont pu appr\u00e9cier l&rsquo;enseignement de nos 2 instructeurs fran\u00e7ais, Bertrand Kron et J\u00e9r\u00f4me de Timmermann. L&rsquo;accent principal avait [&hellip;]<\/p>\n","protected":false},"author":1,"featured_media":0,"parent":0,"menu_order":0,"comment_status":"closed","ping_status":"open","template":"","meta":{"ngg_post_thumbnail":0,"footnotes":""},"class_list":["post-16","page","type-page","status-publish","czr-hentry"],"_links":{"self":[{"href":"https:\/\/karateakl.ch\/index.php?rest_route=\/wp\/v2\/pages\/16"}],"collection":[{"href":"https:\/\/karateakl.ch\/index.php?rest_route=\/wp\/v2\/pages"}],"about":[{"href":"https:\/\/karateakl.ch\/index.php?rest_route=\/wp\/v2\/types\/page"}],"author":[{"embeddable":true,"href":"https:\/\/karateakl.ch\/index.php?rest_route=\/wp\/v2\/users\/1"}],"replies":[{"embeddable":true,"href":"https:\/\/karateakl.ch\/index.php?rest_route=%2Fwp%2Fv2%2Fcomments&post=16"}],"version-history":[{"count":30,"href":"https:\/\/karateakl.ch\/index.php?rest_route=\/wp\/v2\/pages\/16\/revisions"}],"predecessor-version":[{"id":1155,"href":"https:\/\/karateakl.ch\/index.php?rest_route=\/wp\/v2\/pages\/16\/revisions\/1155"}],"wp:attachment":[{"href":"https:\/\/karateakl.ch\/index.php?rest_route=%2Fwp%2Fv2%2Fmedia&parent=16"}],"curies":[{"name":"wp","href":"https:\/\/api.w.org\/{rel}","templated":true}]}}