{"id":20,"date":"2012-02-11T00:34:37","date_gmt":"2012-02-11T00:34:37","guid":{"rendered":"http:\/\/karateakl.ch\/?page_id=20"},"modified":"2022-07-05T17:54:51","modified_gmt":"2022-07-05T15:54:51","slug":"notre-style","status":"publish","type":"page","link":"https:\/\/karateakl.ch\/?page_id=20","title":{"rendered":"Le style Kyokushinkai"},"content":{"rendered":"<p style=\"text-align: justify;\">On trouve actuellement une abondante litt\u00e9rature sur le style kyokushinkai fond\u00e9 par Masutatsu OYAMA. Pour ceux qui d\u00e9sire en savoir un peu plus voici une liste de site web sur le sujet.<\/p>\n<div id=\"boiteKyokushin2\">\n<h4 style=\"text-align: justify;\">Au sujet du fondateur:<\/h4>\n<ul style=\"text-align: justify;\">\n<li><a href=\"http:\/\/fr.wikipedia.org\/wiki\/Kyokushinkai\" target=\"_blank\" rel=\"noopener\">fr.wikipedia.org\/wiki\/Kyokushinkai<\/a><\/li>\n<li><a href=\"http:\/\/www.kyokushinkai-france.com\/histoire.htm\" target=\"_blank\" rel=\"noopener\">www.kyokushinkai-france.com\/histoire.htm<\/a><\/li>\n<\/ul>\n<h4 style=\"text-align: justify;\">Au sujet du fondateur de l\u2019IFK:<\/h4>\n<ul style=\"text-align: justify;\">\n<li><a href=\"http:\/\/en.wikipedia.org\/wiki\/Steve_Arneil\" target=\"_blank\" rel=\"noopener\">en.wikipedia.org\/wiki\/Steve_Arneil<\/a><\/li>\n<\/ul>\n<h4 style=\"text-align: justify;\">Au sujet de KWF et de son fondateur:<\/h4>\n<ul style=\"text-align: justify;\">\n<li><a href=\"http:\/\/en.wikipedia.org\/wiki\/Loek_Hollander\" target=\"_blank\" rel=\"noopener\">en.wikipedia.org\/wiki\/Loek_Hollander<\/a><\/li>\n<li><a href=\"http:\/\/www.europeankyokushin.org\/news\/\" target=\"_blank\" rel=\"noopener\">www.europeankyokushin.org\/news\/<\/a><\/li>\n<\/ul>\n<table style=\"background-color: #ecf0f1;\" border=\"0\">\n<tbody>\n<tr>\n<td style=\"text-align: justify;\"><span style=\"color: #000000;\">Comme souvent dans notre soci\u00e9t\u00e9 des dissensions apparaissent rapidement dans toute organisation. Du temps du vivant de ma\u00eetre Oyama, d\u00e9j\u00e0, des f\u00e9d\u00e9rations dissidentes s\u2019\u00e9taient cr\u00e9\u00e9es. Le mouvement s\u2019est acc\u00e9l\u00e9r\u00e9 apr\u00e8s sa mort et actuellement on d\u00e9nombre un grand nombre de f\u00e9d\u00e9rations pratiquant le kyokushinkai. L\u2019h\u00e9ritier officiel de M.Oyama est ma\u00eetre Matsui qui dirige l\u2019IKO. Cet h\u00e9ritage est actuellement contest\u00e9 et fait l&rsquo;objet de poursuites juridiques au japon.<\/span><\/td>\n<\/tr>\n<\/tbody>\n<\/table>\n<h3>Organisations de karate kyokushinkai mondiales<\/h3>\n<ul>\n<li>Kyokushinkai (IKO) &#8211; Ma\u00eetre Matsui<\/li>\n<li>Shin Kyokushin (IKO2) &#8211; Ma\u00eetre Midori<\/li>\n<li>Kyokushin (IKO3) &#8211; Ma\u00eetre Matsushima<\/li>\n<li>Kyokushin (IKO4) &#8211; Ma\u00eetre Tezuka<\/li>\n<li>Kyokushinkan (IKO5) &#8211; Ma\u00eetre Royama<\/li>\n<li>Shidokan &#8211; Ma\u00eetre Soeno<\/li>\n<li>Ashihara (NIKO) &#8211; Ma\u00eetre Ashihara<\/li>\n<li>World Oyama &#8211; Ma\u00eetre Shigeru Oyama<\/li>\n<li>IFK &#8211; Steve Arneil<\/li>\n<li>Kyokushin world Federation (KWF) &#8211; Shihan Loek Hollander<\/li>\n<li>Seidokaikan (et K-1) &#8211; Ma\u00eetre Ishii<\/li>\n<li>Kurosawa Ryu &#8211; Ma\u00eetre Kurosawa<\/li>\n<li>Seido Juku &#8211; Ma\u00eetre Nakamura<\/li>\n<li>Sato Juku &#8211; Ma\u00eetre Sato<\/li>\n<li>Daido Juku &#8211; Ma\u00eetre Azuma<\/li>\n<li>Kazumi Ryu &#8211; Hajime Kazumi<\/li>\n<li>Kyokushin Budokai &#8211; Jon Bluming<\/li>\n<\/ul>\n<p style=\"text-align: justify;\">Suite \u00e0 des batailles juridiques les appellations IKO1&nbsp; ou 2 ou 3, etc n&rsquo;ont plus lieu d&rsquo;\u00eatre. Ne subsiste que la seule appellation IKO. Les autres formations ont du modifier&nbsp; leur identification comme par exemple IKO2, qui&nbsp; se nomme&nbsp; simplement Shinkyokushin. Des explications&nbsp; plus compl\u00e8tes peuvent \u00eatre lues sur l&rsquo;excellent <a href=\"http:\/\/www.kyokushinkai-france.com\/histoire.htm\">site de FKOK<\/a> dirig\u00e9 par Bertrand Kron.<\/p>\n<p><strong>Cette liste n&rsquo;est toutefois pas exhaustive.<\/strong><\/p>\n<\/div>\n","protected":false},"excerpt":{"rendered":"<p>On trouve actuellement une abondante litt\u00e9rature sur le style kyokushinkai fond\u00e9 par Masutatsu OYAMA. Pour ceux qui d\u00e9sire en savoir un peu plus voici une liste de site web sur le sujet. Au sujet du fondateur: fr.wikipedia.org\/wiki\/Kyokushinkai www.kyokushinkai-france.com\/histoire.htm Au sujet du fondateur de l\u2019IFK: en.wikipedia.org\/wiki\/Steve_Arneil Au sujet de KWF et de son fondateur: en.wikipedia.org\/wiki\/Loek_Hollander www.europeankyokushin.org\/news\/ [&hellip;]<\/p>\n","protected":false},"author":1,"featured_media":0,"parent":0,"menu_order":0,"comment_status":"closed","ping_status":"closed","template":"","meta":{"ngg_post_thumbnail":0,"footnotes":""},"class_list":["post-20","page","type-page","status-publish","czr-hentry"],"_links":{"self":[{"href":"https:\/\/karateakl.ch\/index.php?rest_route=\/wp\/v2\/pages\/20"}],"collection":[{"href":"https:\/\/karateakl.ch\/index.php?rest_route=\/wp\/v2\/pages"}],"about":[{"href":"https:\/\/karateakl.ch\/index.php?rest_route=\/wp\/v2\/types\/page"}],"author":[{"embeddable":true,"href":"https:\/\/karateakl.ch\/index.php?rest_route=\/wp\/v2\/users\/1"}],"replies":[{"embeddable":true,"href":"https:\/\/karateakl.ch\/index.php?rest_route=%2Fwp%2Fv2%2Fcomments&post=20"}],"version-history":[{"count":28,"href":"https:\/\/karateakl.ch\/index.php?rest_route=\/wp\/v2\/pages\/20\/revisions"}],"predecessor-version":[{"id":2530,"href":"https:\/\/karateakl.ch\/index.php?rest_route=\/wp\/v2\/pages\/20\/revisions\/2530"}],"wp:attachment":[{"href":"https:\/\/karateakl.ch\/index.php?rest_route=%2Fwp%2Fv2%2Fmedia&parent=20"}],"curies":[{"name":"wp","href":"https:\/\/api.w.org\/{rel}","templated":true}]}}