{"id":22,"date":"2012-02-11T00:35:05","date_gmt":"2012-02-11T00:35:05","guid":{"rendered":"http:\/\/karateakl.ch\/?page_id=22"},"modified":"2023-04-30T10:54:24","modified_gmt":"2023-04-30T08:54:24","slug":"infos","status":"publish","type":"page","link":"https:\/\/karateakl.ch\/?page_id=22","title":{"rendered":"Informations g\u00e9n\u00e9rales"},"content":{"rendered":"<p>L\u2019AKKL, fond\u00e9e en 1959, est le ou&nbsp; l\u2019un des plus anciens clubs de karat\u00e9 de Lausanne.<\/p>\n<p align=\"justify\">Notre style s\u2019appelle le Kyokushinkai et nous sommes affili\u00e9s \u00e0 KSF (Kyokushin Swiss Federation), et pouvons de ce fait d\u00e9livrer des grades reconnus officiellement. KSF fait partie de la f\u00e9d\u00e9ration internationale FKOK (l&rsquo;International Federation Kyokushin Organization of Karate), dirig\u00e9e par Bertrand Kron 8\u00e8me dan.<\/p>\n<p align=\"justify\">Le karat\u00e9 que nous pratiquons recouvre des aspects assez larges, un enseignement personnalis\u00e9 et des possibilit\u00e9s de participation \u00e0 divers degr\u00e9s de comp\u00e9tition pour ceux qui le d\u00e9sirent. L\u2019ensemble s\u2019appuie sur une bonne pr\u00e9paration physique, travaill\u00e9e au club, indispensable \u00e0 la bonne pratique de ce sport.<\/p>\n<h3 align=\"justify\"><strong>Horaire<\/strong><\/h3>\n<table border=\"0\">\n<tbody>\n<tr>\n<td>Cours d\u00e9butants (d\u00e8s 14\/15 ans)<\/td>\n<td style=\"text-align: center;\">LUNDI<\/td>\n<td style=\"text-align: center;\">19:00 &#8211; 20:00h<\/td>\n<\/tr>\n<tr>\n<td>Cours adultes mixtes<\/td>\n<td style=\"text-align: center;\">LUNDI<\/td>\n<td style=\"text-align: center;\">20:00 &#8211; 22:00h<\/td>\n<\/tr>\n<tr>\n<td>Cours adultes mixtes<\/td>\n<td style=\"text-align: center;\">JEUDI<\/td>\n<td style=\"text-align: center;\">20:00 &#8211; 22:00h<\/td>\n<\/tr>\n<tr>\n<td>Cours de perfectionnement + comp\u00e9tition \/ travail libre<\/td>\n<td style=\"text-align: center;\">VENDREDI<\/td>\n<td style=\"text-align: center;\">18:00 &#8211; 20:00h<\/td>\n<\/tr>\n<\/tbody>\n<\/table>\n<h3 align=\"left\"><strong>Cotisations<\/strong><\/h3>\n<p>25.- par mois pour les \u00e9coliers (-de 16 ans) payement annuel 250.- (possibilit\u00e9 de fractionner sur demande)<\/p>\n<address>40.-&nbsp;par mois pour les.\u00e9tudiants, apprentis (+de 16 ans) payement annuel 400.- (possibilit\u00e9 de fractionner sur demande)<br \/>\n50.-&nbsp;par mois pour les adultes. payement annuel 500.- (possibilit\u00e9 de fractionner sur demande)<br \/>\nJuillet ao\u00fbt pas de cotisations, le club est en vacances. Possibilit\u00e9s de participer \u00e0 des stages d\u2019\u00e9t\u00e9.<\/address>\n<p align=\"center\"><span style=\"color: #c0392b;\">1er mois gratuit \u00e0 l\u2019essai<\/span><\/p>\n<h3 align=\"left\"><strong>Mat\u00e9riel<\/strong><\/h3>\n<p style=\"text-align: justify;\">Nous pouvons vous fournir tout l&rsquo;\u00e9quipement n\u00e9cessaire (karat\u00e9&nbsp;Gi, protections, etc) ainsi que la litt\u00e9rature et vid\u00e9os correspondant \u00e0 notre enseignement.<\/p>\n<h3>&nbsp;Entra\u00eenements<\/h3>\n<p><span style=\"color: #2980b9;\">&nbsp;salle de gym No 3 du coll\u00e8ge secondaire de B\u00e9thusy- Lausanne<\/span><\/p>\n<p>acc\u00e8s transports publics;&nbsp; m\u00e9tro M2-arr\u00eat Ours<\/p>\n<p>bus lignes 7 ou 5 &#8211; arr\u00eat Pl. de l&rsquo;Ours<\/p>\n<p>acc\u00e8s voiture par la rue Mathurin Cordier et entrez dans le pr\u00e9au du coll\u00e8ge tout au fond<\/p>\n<p><span style=\"color: #0000ff;\">Attention: A cause d&rsquo;un aberrante et r\u00e9cente d\u00e9cision (09.09.2016)&nbsp; de la fermeture des portes \u00e0 18h30, <\/span><span style=\"color: #0000ff;\">mise en place<\/span><span style=\"color: #0000ff;\"> par la direction des \u00e9coles, nous sommes oblig\u00e9s de communiquer par Iphone. Faites le 079-601 1552 et on descendra vous ouvrir. On esp\u00e8re trouver une solution simplificatrice avec la commune.<br \/>\n<\/span><\/p>\n<h3>Divers<\/h3>\n<p style=\"text-align: justify;\"><span style=\"color: #800000;\">Vous trouverez les informations concernant les r\u00e8gles de comp\u00e9titions, d&rsquo;arbitrage, le r\u00e8glement technique, les membres du comit\u00e9 technique, etc, sur le site de notre f\u00e9d\u00e9ration nationale, la <a href=\"http:\/\/www.karateksf.ch\">KSF (Kyokushin Swiss Federation)<\/a>. Les statuts de KSF sont consultables sur le site de notre f\u00e9d\u00e9ration nationale la KSF:<span style=\"color: #0000ff;\">http:\/\/www.karateksf.ch<\/span>\/. Vous trouverez \u00e9galement \u00e0 la m\u00eame adresse les statuts de&nbsp; FKOK (Int. Federal Kyokushin Organization of Karate).<br \/>\n<\/span><\/p>\n<p>&nbsp;<\/p>\n","protected":false},"excerpt":{"rendered":"<p>L\u2019AKKL, fond\u00e9e en 1959, est le ou&nbsp; l\u2019un des plus anciens clubs de karat\u00e9 de Lausanne. Notre style s\u2019appelle le Kyokushinkai et nous sommes affili\u00e9s \u00e0 KSF (Kyokushin Swiss Federation), et pouvons de ce fait d\u00e9livrer des grades reconnus officiellement. KSF fait partie de la f\u00e9d\u00e9ration internationale FKOK (l&rsquo;International Federation Kyokushin Organization of Karate), dirig\u00e9e [&hellip;]<\/p>\n","protected":false},"author":1,"featured_media":0,"parent":0,"menu_order":0,"comment_status":"closed","ping_status":"open","template":"","meta":{"ngg_post_thumbnail":0,"footnotes":""},"class_list":["post-22","page","type-page","status-publish","czr-hentry"],"_links":{"self":[{"href":"https:\/\/karateakl.ch\/index.php?rest_route=\/wp\/v2\/pages\/22"}],"collection":[{"href":"https:\/\/karateakl.ch\/index.php?rest_route=\/wp\/v2\/pages"}],"about":[{"href":"https:\/\/karateakl.ch\/index.php?rest_route=\/wp\/v2\/types\/page"}],"author":[{"embeddable":true,"href":"https:\/\/karateakl.ch\/index.php?rest_route=\/wp\/v2\/users\/1"}],"replies":[{"embeddable":true,"href":"https:\/\/karateakl.ch\/index.php?rest_route=%2Fwp%2Fv2%2Fcomments&post=22"}],"version-history":[{"count":49,"href":"https:\/\/karateakl.ch\/index.php?rest_route=\/wp\/v2\/pages\/22\/revisions"}],"predecessor-version":[{"id":2924,"href":"https:\/\/karateakl.ch\/index.php?rest_route=\/wp\/v2\/pages\/22\/revisions\/2924"}],"wp:attachment":[{"href":"https:\/\/karateakl.ch\/index.php?rest_route=%2Fwp%2Fv2%2Fmedia&parent=22"}],"curies":[{"name":"wp","href":"https:\/\/api.w.org\/{rel}","templated":true}]}}