{"id":26,"date":"2012-02-11T00:35:35","date_gmt":"2012-02-11T00:35:35","guid":{"rendered":"http:\/\/karateakl.ch\/?page_id=26"},"modified":"2023-04-30T10:49:13","modified_gmt":"2023-04-30T08:49:13","slug":"liens","status":"publish","type":"page","link":"https:\/\/karateakl.ch\/?page_id=26","title":{"rendered":"Liens"},"content":{"rendered":"<p style=\"text-align: left;\" align=\"center\">En suisse, nous sommes membres de KSF, qui est elle&nbsp;m\u00eame&nbsp;membre de l&rsquo;organisation mondiale FKOK.<\/p>\n<table style=\"height: 46px;\" width=\"533\">\n<tbody>\n<tr>\n<td style=\"text-align: center;\">Le site officiel KWF<\/td>\n<td style=\"text-align: center;\">Le site officiel KSF<\/td>\n<td style=\"text-align: center;\">Le site officiel AKKL<\/td>\n<td style=\"text-align: center;\">le site officiel de FKOK<\/td>\n<\/tr>\n<tr>\n<td><a href=\"http:\/\/www.kyokushin-world.org\/news\/\"><img loading=\"lazy\" decoding=\"async\" class=\"aligncenter wp-image-1434 size-full\" src=\"http:\/\/karateakl.ch\/wp-content\/uploads\/2014\/11\/kwflogo.jpg\" alt=\"kwflogo\" width=\"132\" height=\"103\"><\/a><\/td>\n<td><a href=\"http:\/\/www.karateksf.ch\"><img loading=\"lazy\" decoding=\"async\" class=\"wp-image-1185 aligncenter\" src=\"http:\/\/karateakl.ch\/wp-content\/uploads\/2012\/02\/logo_ksf.png\" alt=\"KSF\" width=\"116\" height=\"112\"><\/a><\/td>\n<td><a href=\"http:\/\/www.karatekakl.ch\"><img loading=\"lazy\" decoding=\"async\" class=\"wp-image-1181 aligncenter\" src=\"http:\/\/karateakl.ch\/wp-content\/uploads\/2013\/10\/logo_akkl.png\" alt=\"logo_akkl\" width=\"163\" height=\"127\"><\/a><\/td>\n<td style=\"text-align: center;\"><a href=\"http:\/\/www.kyokushinkai-france.com\/\"><img loading=\"lazy\" decoding=\"async\" class=\"alignnone wp-image-2076\" src=\"http:\/\/karateakl.ch\/wp-content\/uploads\/2012\/02\/logoorgl.gif\" alt=\"logoorgl\" width=\"127\" height=\"130\"><\/a><\/td>\n<\/tr>\n<\/tbody>\n<\/table>\n<h3 style=\"text-align: left;\" align=\"center\">Les clubs membres de KSF en Suisse:<\/h3>\n<ul>\n<li><a href=\"http:\/\/www.karateakl.ch\">Acad\u00e9mie de Karate Kyokushinkai Lausanne<\/a><\/li>\n<li><a href=\"www.kyokushinkaisierre.sitew.com\">Karate Kyokushin Savi\u00e8se<\/a><\/li>\n<li>en attente<\/li>\n<li>autres clubs en cours de validation<\/li>\n<\/ul>\n<h3 style=\"text-align: left;\" align=\"center\">Les liens amis:<\/h3>\n<ul>\n<li>Beaucoup d&rsquo;infos sur fondateur de <strong>FKOK Shihan Bertrand Kron<\/strong> <a href=\"http:\/\/www.kyokushinkai-france.com\/\">kyokushinkai-france.com<\/a><\/li>\n<li><strong>ESPAGNE membre FKOK<\/strong>&nbsp; : Carlos RUIZ&nbsp; ruiz_dojo@hotmail.com<\/li>\n<li><strong>ITALIE<\/strong> <strong>OIKK<\/strong> <strong>membre FKOK<\/strong>. Shihan Tommaso Schirinzi : <span style=\"color: #3366ff;\">tommasoschirinzi@alice.it<\/span><\/li>\n<li>Hollande: <a title=\"Dutchkyokushin\" href=\"http:\/\/www.dutchkyokushin.nl \">dutchkyokushin.nl&nbsp;<\/a><\/li>\n<li>&nbsp;<\/li>\n<\/ul>\n<h3 style=\"text-align: left;\" align=\"center\">Partenaires:<\/h3>\n<p style=\"text-align: left;\" align=\"center\"><span style=\"color: #ff00ff;\"><strong>Artiste peintre et prof d&rsquo;arts martiaux, cr\u00e9ateu<\/strong><strong>r d\u2019\u0153uvres en relati<\/strong><strong>on avec les arts martiaux<\/strong><\/span><\/p>\n<ul>\n<li>Feodor Tamarsky<\/li>\n<li>351, rte de Lachat 74300 ARACHES, France.<\/li>\n<li><a href=\"mailto:feodor.tamarsky@gmail.com\">feodor.tamarsky@gmail.com<\/a><\/li>\n<\/ul>\n<p>&#8212;&#8212;&#8212;&#8212;&#8212;&#8212;&#8212;&#8212;&#8212;&#8212;&#8212;&#8212;&#8212;&#8212;&#8212;&#8212;&#8212;&#8212;&#8212;&#8212;&#8212;&#8211;<\/p>\n<p><span style=\"color: #ff00ff;\"><strong>Une excellente adresse pour toutes occasions<\/strong><\/span><\/p>\n<ul>\n<li>&nbsp;<\/li>\n<li>&nbsp;<\/li>\n<li>&nbsp;<\/li>\n<li>&nbsp;<\/li>\n<\/ul>\n<p>&#8212;&#8212;&#8212;&#8212;&#8212;&#8212;&#8212;&#8212;&#8212;&#8212;&#8212;&#8212;&#8212;&#8212;&#8212;&#8212;&#8212;&#8212;&#8212;&#8212;&#8212;-<\/p>\n<p><span style=\"color: #ff00ff;\"><strong>Un physioth\u00e9rapeute\/ost\u00e9opathe connaisseur des arts martiaux<\/strong><\/span><\/p>\n<ul>\n<li>Av. Louis Ruchonnet 2 &#8211; 1003 Lausanne<\/li>\n<li>Mujo Zahirovic&nbsp;&nbsp;&nbsp; 078 896 04 65<\/li>\n<li><strong><span style=\"color: #ff00ff;\">NOUVEAU janvier 2023<\/span><\/strong><\/li>\n<li>La clinique Bois-Cerf \u00e0 Lausanne dispose maintenant d&rsquo;un centre de r\u00e9habilitation sportive<\/li>\n<li>&nbsp;<\/li>\n<\/ul>\n<p>&#8212;&#8212;&#8212;&#8212;&#8212;&#8212;&#8212;&#8212;&#8212;&#8212;&#8212;&#8212;&#8212;&#8212;&#8212;&#8212;&#8212;&#8212;&#8212;&#8212;&#8212;-<\/p>\n<p><span style=\"color: #ff00ff;\"><strong>NUTRITION<\/strong><\/span><\/p>\n<p><span style=\"color: #0000ff;\">cette rubrique est destin\u00e9e \u00e0 vous donner quelques infos\/contacts concernant une bonne nutrition.<\/span><\/p>\n<p><span style=\"color: #0000ff;\">Elle sera compl\u00e9t\u00e9e au fur et \u00e0 mesure de nos exp\u00e9riences<\/span><\/p>\n<p><span style=\"color: #0000ff;\"><strong>1) <\/strong>dans&nbsp; nutrition-sant\u00e9<\/span><\/p>\n<p><span style=\"color: #0000ff;\">Les bienfaits de la&nbsp; Propolis sont connus. pour ceux que \u00e7a int\u00e9resseraient voici un site Int\u00e9ressant<\/span><\/p>\n<p><strong>soci\u00e9t\u00e9 Trilog :: email de contact&nbsp; <a href=\"http:\/\/boutique.trilog.ch\">boutique.trilog.ch<\/a><\/strong><\/p>\n<p>&#8212;&#8212;&#8212;&#8212;&#8212;&#8212;&#8212;&#8212;&#8212;&#8212;&#8212;&#8212;&#8212;&#8212;&#8212;&#8212;&#8212;&#8212;-<\/p>\n","protected":false},"excerpt":{"rendered":"<p>En suisse, nous sommes membres de KSF, qui est elle&nbsp;m\u00eame&nbsp;membre de l&rsquo;organisation mondiale FKOK. Le site officiel KWF Le site officiel KSF Le site officiel AKKL le site officiel de FKOK Les clubs membres de KSF en Suisse: Acad\u00e9mie de Karate Kyokushinkai Lausanne Karate Kyokushin Savi\u00e8se en attente autres clubs en cours de validation Les [&hellip;]<\/p>\n","protected":false},"author":1,"featured_media":0,"parent":0,"menu_order":0,"comment_status":"closed","ping_status":"open","template":"","meta":{"ngg_post_thumbnail":0,"footnotes":""},"class_list":["post-26","page","type-page","status-publish","czr-hentry"],"_links":{"self":[{"href":"https:\/\/karateakl.ch\/index.php?rest_route=\/wp\/v2\/pages\/26"}],"collection":[{"href":"https:\/\/karateakl.ch\/index.php?rest_route=\/wp\/v2\/pages"}],"about":[{"href":"https:\/\/karateakl.ch\/index.php?rest_route=\/wp\/v2\/types\/page"}],"author":[{"embeddable":true,"href":"https:\/\/karateakl.ch\/index.php?rest_route=\/wp\/v2\/users\/1"}],"replies":[{"embeddable":true,"href":"https:\/\/karateakl.ch\/index.php?rest_route=%2Fwp%2Fv2%2Fcomments&post=26"}],"version-history":[{"count":61,"href":"https:\/\/karateakl.ch\/index.php?rest_route=\/wp\/v2\/pages\/26\/revisions"}],"predecessor-version":[{"id":2923,"href":"https:\/\/karateakl.ch\/index.php?rest_route=\/wp\/v2\/pages\/26\/revisions\/2923"}],"wp:attachment":[{"href":"https:\/\/karateakl.ch\/index.php?rest_route=%2Fwp%2Fv2%2Fmedia&parent=26"}],"curies":[{"name":"wp","href":"https:\/\/api.w.org\/{rel}","templated":true}]}}