{"id":28,"date":"2012-02-11T00:35:57","date_gmt":"2012-02-11T00:35:57","guid":{"rendered":"http:\/\/karateakl.ch\/?page_id=28"},"modified":"2023-05-03T14:35:37","modified_gmt":"2023-05-03T12:35:37","slug":"nous-contacter","status":"publish","type":"page","link":"https:\/\/karateakl.ch\/?page_id=28","title":{"rendered":"Contact"},"content":{"rendered":"<h3 style=\"text-align: left;\" align=\"center\">Contact principal<\/h3>\n<p><strong>Henri Jotterand<\/strong><\/p>\n<ul>\n<li>Pr\u00e9sident\/entra\u00eeneur<\/li>\n<li>Email :&nbsp;<a href=\"mailto:henri.jotterand@tvtmail.ch\">jotterand.henri@gmail.com<\/a><\/li>\n<li>Tel prof :&nbsp;<\/li>\n<li>Natel : 079 601 15 52<\/li>\n<li>fixe; 021 888 7142<\/li>\n<li>fixe international: 4121 888 7142<\/li>\n<\/ul>\n<p style=\"text-align: left;\" align=\"center\"><strong>Monique Bettinger<\/strong><\/p>\n<ul>\n<li>Secr\u00e9tariat<\/li>\n<li>Email : bettinger.monique@gmail.com<\/li>\n<li>Natel: 076 373 7050<\/li>\n<li>fixe: 021 888 7142<\/li>\n<\/ul>\n<p>&nbsp;<\/p>\n<h3 style=\"text-align: left;\" align=\"center\">Webmaster<\/h3>\n<ul>\n<li><strong>Jean-Fran\u00e7ois SAINT-PIERRE<br \/>\n<\/strong><\/li>\n<li>Email&nbsp;: <strong>jstpierre@hotmail.com<\/strong><\/li>\n<\/ul>\n<p>&nbsp;<\/p>\n<h3 style=\"text-align: left;\" align=\"center\">Dojo<\/h3>\n<ul>\n<li>salle de gym No3 du coll\u00e9ge secondaire de B\u00e9thusy &#8211; Lausanne<\/li>\n<li>m\u00e9tro M2-arr\u00eat Ours<\/li>\n<li>acc\u00e8s en voiture par la rue Mathurin Cordier et entrez dans le pr\u00e9au du coll\u00e8ge (places de parc en suffisance).<\/li>\n<li>Attention: A cause d&rsquo;un aberrante mise en place de la fermeture des portes \u00e0 18h45, nous sommes oblig\u00e9s de communiquer par Iphone. Faites le 079-601 1552 et on descendra vous ouvrir. On esp\u00e8re trouver une solution simplificatrice avec la commune.<\/li>\n<\/ul>\n","protected":false},"excerpt":{"rendered":"<p>Contact principal Henri Jotterand Pr\u00e9sident\/entra\u00eeneur Email :&nbsp;jotterand.henri@gmail.com Tel prof :&nbsp; Natel : 079 601 15 52 fixe; 021 888 7142 fixe international: 4121 888 7142 Monique Bettinger Secr\u00e9tariat Email : bettinger.monique@gmail.com Natel: 076 373 7050 fixe: 021 888 7142 &nbsp; Webmaster Jean-Fran\u00e7ois SAINT-PIERRE Email&nbsp;: jstpierre@hotmail.com &nbsp; Dojo salle de gym No3 du coll\u00e9ge secondaire de [&hellip;]<\/p>\n","protected":false},"author":1,"featured_media":0,"parent":0,"menu_order":0,"comment_status":"closed","ping_status":"closed","template":"","meta":{"ngg_post_thumbnail":0,"footnotes":""},"class_list":["post-28","page","type-page","status-publish","czr-hentry"],"_links":{"self":[{"href":"https:\/\/karateakl.ch\/index.php?rest_route=\/wp\/v2\/pages\/28"}],"collection":[{"href":"https:\/\/karateakl.ch\/index.php?rest_route=\/wp\/v2\/pages"}],"about":[{"href":"https:\/\/karateakl.ch\/index.php?rest_route=\/wp\/v2\/types\/page"}],"author":[{"embeddable":true,"href":"https:\/\/karateakl.ch\/index.php?rest_route=\/wp\/v2\/users\/1"}],"replies":[{"embeddable":true,"href":"https:\/\/karateakl.ch\/index.php?rest_route=%2Fwp%2Fv2%2Fcomments&post=28"}],"version-history":[{"count":33,"href":"https:\/\/karateakl.ch\/index.php?rest_route=\/wp\/v2\/pages\/28\/revisions"}],"predecessor-version":[{"id":2935,"href":"https:\/\/karateakl.ch\/index.php?rest_route=\/wp\/v2\/pages\/28\/revisions\/2935"}],"wp:attachment":[{"href":"https:\/\/karateakl.ch\/index.php?rest_route=%2Fwp%2Fv2%2Fmedia&parent=28"}],"curies":[{"name":"wp","href":"https:\/\/api.w.org\/{rel}","templated":true}]}}