{"id":482,"date":"2013-03-04T10:39:28","date_gmt":"2013-03-04T10:39:28","guid":{"rendered":"http:\/\/karateakl.ch\/?page_id=482"},"modified":"2016-11-21T14:39:18","modified_gmt":"2016-11-21T14:39:18","slug":"competitions","status":"publish","type":"page","link":"https:\/\/karateakl.ch\/?page_id=482","title":{"rendered":"Comp\u00e9titions"},"content":{"rendered":"<table>\n<tbody>\n<tr>\n<td style=\"text-align: center;\">\n<h4><strong>les 14 et 15 janvier 2017. 2\u00e8me ROOKIE OPEN 2017 \u00e0 LILLE<\/strong><\/h4>\n<p>Rookie 2017\u00a0 <a href=\"http:\/\/karateakl.ch\/wp-content\/uploads\/2016\/11\/rookie-2017.pdf\">PDF<\/a><\/p>\n<p>4 membres de l&rsquo;AKKL participent \u00e0 ce championnat<\/p>\n<p>PHILIPPE, SELIM, MARCO, SAMUEL<\/p>\n<p>Ce championnat est pr\u00e9c\u00e9d\u00e9 le 14 d&rsquo;un cours d&rsquo;arbitrage.<\/p>\n<p>Y participent, Bob, Gauthier, Tarik et Jean-Fran\u00e7ois<\/p>\n<p>r\u00e9sultats \u00e0 venir<\/td>\n<\/tr>\n<\/tbody>\n<\/table>\n<table border=\"0\">\n<tbody>\n<tr>\n<td>\n<h3><strong>2 f\u00e9vrier 2013 Open de Belgique \u00e0 Roux<\/strong><\/h3>\n<p><strong>Participants : Jimmy\/KVA et Simon\/ZDR<\/strong><\/p>\n<p><a href=\"http:\/\/karateakl.ch\/wp-content\/uploads\/2013\/03\/open-belgique.jpg\"><img loading=\"lazy\" decoding=\"async\" src=\"http:\/\/karateakl.ch\/wp-content\/uploads\/2013\/03\/open-belgique-300x212.jpg\" alt=\"open belgique\" width=\"300\" height=\"212\" \/><\/a><\/p>\n<p><strong>\u00a0R\u00e9sultats : 1ere place sur 20 dans la cat\u00e9gorie -80kg senior SIMON.<\/strong><br \/>\n<strong>4\u00e8me place sur 22 dans la<\/strong><br \/>\n<strong>Cat\u00e9gorie -70kg senior JIMMY.<\/strong><br \/>\n<strong>D\u00e9clare forfait en demi finale sur une victoire .<\/strong><br \/>\n<strong>6 combats &#8211; 6 victoires pour nos gars !!! OSU<\/strong><\/p>\n<p><a href=\"http:\/\/www.karateksf.ch\/wp-content\/uploads\/2013\/03\/open.jpg\"><img loading=\"lazy\" decoding=\"async\" title=\"open\" src=\"http:\/\/www.karateksf.ch\/wp-content\/uploads\/2013\/03\/open-300x300.jpg\" alt=\"\" width=\"300\" height=\"300\" \/><\/a><\/td>\n<\/tr>\n<tr>\n<td>\n<h3><strong>27 avril 2013 &#8211; STANS Organisation Shinkyokushin<\/strong><\/h3>\n<p><a href=\"http:\/\/karateakl.ch\/wp-content\/uploads\/2013\/03\/stans.png\"><img loading=\"lazy\" decoding=\"async\" src=\"http:\/\/karateakl.ch\/wp-content\/uploads\/2013\/03\/stans-215x300.png\" alt=\"stans\" width=\"215\" height=\"300\" \/><\/a><\/td>\n<\/tr>\n<tr>\n<td>\n<h3><strong>4 mai 2013 &#8211; OPEN DE LYON (organisation et inscriptions : Jean-Marie P\u00e9lissier)<br \/>\n<\/strong><\/h3>\n<p><a href=\"http:\/\/karateakl.ch\/wp-content\/uploads\/2013\/03\/open-de-lyon.png\"><img loading=\"lazy\" decoding=\"async\" src=\"http:\/\/karateakl.ch\/wp-content\/uploads\/2013\/03\/open-de-lyon-248x300.png\" alt=\"open de lyon\" width=\"248\" height=\"300\" \/><\/a><\/p>\n<p><strong>\n<div class=\"youtube-embed\" itemprop=\"video\" itemscope itemtype=\"https:\/\/schema.org\/VideoObject\">\n\t<meta itemprop=\"url\" content=\"https:\/\/www.youtube.com\/v\/5EVJuooRQMA\" \/>\n\t<meta itemprop=\"name\" content=\"Comp\u00e9titions\" \/>\n\t<meta itemprop=\"description\" content=\"Comp\u00e9titions\" \/>\n\t<meta itemprop=\"uploadDate\" content=\"2013-03-04T10:39:28+01:00\" \/>\n\t<meta itemprop=\"thumbnailUrl\" content=\"https:\/\/i.ytimg.com\/vi\/5EVJuooRQMA\/default.jpg\" \/>\n\t<meta itemprop=\"embedUrl\" content=\"https:\/\/www.youtube.com\/embed\/5EVJuooRQMA\" \/>\n\t<meta itemprop=\"height\" content=\"376\" \/>\n\t<meta itemprop=\"width\" content=\"620\" \/>\n\t<iframe loading=\"lazy\" style=\"border: 0;\" class=\"youtube-player\" width=\"620\" height=\"376\" src=\"https:\/\/www.youtube.com\/embed\/5EVJuooRQMA?modestbranding=1&fs=0&rel=0\"><\/iframe>\n<\/div>\n<\/strong><\/td>\n<\/tr>\n<tr>\n<td>\n<h3>\u00a028 septembre 2013 CHAMPIONNAT SUISSE de Karat\u00e9 Kyokushin SKKO<\/h3>\n<p><strong><a href=\"http:\/\/karateakl.ch\/wp-content\/uploads\/2013\/03\/Championnat-Suisse.jpg\"><img loading=\"lazy\" decoding=\"async\" src=\"http:\/\/karateakl.ch\/wp-content\/uploads\/2013\/03\/Championnat-Suisse-210x300.jpg\" alt=\"Championnat Suisse\" width=\"210\" height=\"300\" \/><\/a><\/strong><\/td>\n<\/tr>\n<tr>\n<td>\n<h3><strong>Championnat du monde KWF\/KWU du 2 au 6 octobre 2013 \u00e0 Sofia Bulgarie<\/strong><\/h3>\n<p><strong><a href=\" http:\/\/www.kwunion.com\/\">www.kwunion.com<\/a><\/strong><\/p>\n<p><strong>Jimmy Pellissier repr\u00e9sentera la KSF en cat\u00e9gorie moins 70 kg<\/strong><\/p>\n<p><a href=\"http:\/\/karateakl.ch\/wp-content\/uploads\/2013\/03\/Capture-d\u2019e\u0301cran-2013-03-04-a\u0300-13.57.02.png\"><img loading=\"lazy\" decoding=\"async\" src=\"http:\/\/karateakl.ch\/wp-content\/uploads\/2013\/03\/Capture-d\u2019e\u0301cran-2013-03-04-a\u0300-13.57.02-300x76.png\" alt=\"Capture d\u2019e\u0301cran 2013-03-04 a\u0300 13.57.02\" width=\"300\" height=\"76\" \/><\/a><\/p>\n<p><a href=\"http:\/\/karateakl.ch\/wp-content\/uploads\/2013\/09\/1366725455_bulgaria.jpg\"><img loading=\"lazy\" decoding=\"async\" src=\"http:\/\/karateakl.ch\/wp-content\/uploads\/2013\/09\/1366725455_bulgaria.jpg\" alt=\"1366725455_bulgaria\" width=\"241\" height=\"336\" \/><\/a><\/td>\n<\/tr>\n<tr>\n<td>\n<h3>Vollkontakt Kyokushinkai Schweizermeisterschaft 2013<\/h3>\n<p><a href=\"http:\/\/karateakl.ch\/wp-content\/uploads\/2013\/03\/champ.IFK-2013.jpg\"><img loading=\"lazy\" decoding=\"async\" src=\"http:\/\/karateakl.ch\/wp-content\/uploads\/2013\/03\/champ.IFK-2013-212x300.jpg\" alt=\"champ.IFK 2013\" width=\"212\" height=\"300\" \/><\/a><\/p>\n<p><strong>7 membres de KSF sont inscrits \u00e0 cette comp\u00e9tition :<\/strong><\/p>\n<p><strong>&#8211; Matteo, Eric, Gauthier, Eric et Mehdi de l&rsquo;AKKL Lausanne<br \/>\n&#8211; Nad\u00e8ge de KKS Sierre<br \/>\n&#8211; Dylan du Shinbudo\u00a0 Gen\u00e8ve<\/strong><\/td>\n<\/tr>\n<tr>\n<td>\n<h3><strong>Championnat d&rsquo;Europe kyokushin KEF\/<\/strong>\u00a0<strong>KWF\u00a0<\/strong><strong>du 28 novembre au 1er d\u00e9cembre 2013\u00a0<\/strong><strong>\u00e0 Legnica Pologne<\/strong><\/h3>\n<p><a href=\"http:\/\/karateakl.ch\/wp-content\/uploads\/2013\/03\/legnica.jpg\"><img loading=\"lazy\" decoding=\"async\" src=\"http:\/\/karateakl.ch\/wp-content\/uploads\/2013\/03\/legnica-212x300.jpg\" alt=\"legnica\" width=\"212\" height=\"300\" \/><\/a><\/td>\n<\/tr>\n<\/tbody>\n<\/table>\n<p>&nbsp;<\/p>\n","protected":false},"excerpt":{"rendered":"<p>les 14 et 15 janvier 2017. 2\u00e8me ROOKIE OPEN 2017 \u00e0 LILLE Rookie 2017\u00a0 PDF 4 membres de l&rsquo;AKKL participent \u00e0 ce championnat PHILIPPE, SELIM, MARCO, SAMUEL Ce championnat est pr\u00e9c\u00e9d\u00e9 le 14 d&rsquo;un cours d&rsquo;arbitrage. Y participent, Bob, Gauthier, Tarik et Jean-Fran\u00e7ois r\u00e9sultats \u00e0 venir 2 f\u00e9vrier 2013 Open de Belgique \u00e0 Roux Participants [&hellip;]<\/p>\n","protected":false},"author":2,"featured_media":0,"parent":0,"menu_order":0,"comment_status":"closed","ping_status":"closed","template":"","meta":{"ngg_post_thumbnail":0,"footnotes":""},"class_list":["post-482","page","type-page","status-publish","czr-hentry"],"_links":{"self":[{"href":"https:\/\/karateakl.ch\/index.php?rest_route=\/wp\/v2\/pages\/482"}],"collection":[{"href":"https:\/\/karateakl.ch\/index.php?rest_route=\/wp\/v2\/pages"}],"about":[{"href":"https:\/\/karateakl.ch\/index.php?rest_route=\/wp\/v2\/types\/page"}],"author":[{"embeddable":true,"href":"https:\/\/karateakl.ch\/index.php?rest_route=\/wp\/v2\/users\/2"}],"replies":[{"embeddable":true,"href":"https:\/\/karateakl.ch\/index.php?rest_route=%2Fwp%2Fv2%2Fcomments&post=482"}],"version-history":[{"count":27,"href":"https:\/\/karateakl.ch\/index.php?rest_route=\/wp\/v2\/pages\/482\/revisions"}],"predecessor-version":[{"id":1957,"href":"https:\/\/karateakl.ch\/index.php?rest_route=\/wp\/v2\/pages\/482\/revisions\/1957"}],"wp:attachment":[{"href":"https:\/\/karateakl.ch\/index.php?rest_route=%2Fwp%2Fv2%2Fmedia&parent=482"}],"curies":[{"name":"wp","href":"https:\/\/api.w.org\/{rel}","templated":true}]}}