{"id":5,"date":"2012-02-11T00:31:45","date_gmt":"2012-02-11T00:31:45","guid":{"rendered":"http:\/\/karateakl.ch\/?page_id=5"},"modified":"2025-01-17T15:01:02","modified_gmt":"2025-01-17T14:01:02","slug":"accueil","status":"publish","type":"page","link":"https:\/\/karateakl.ch\/","title":{"rendered":"Accueil"},"content":{"rendered":"<p>&nbsp;<\/p>\n<h1 style=\"text-align: center;\">L&rsquo;Acad\u00e9mie de Karat\u00e9 Kyokushinkai depuis 1959 \u00e0 Lausanne<\/h1>\n<p style=\"text-align: justify;\">Notre club est affili\u00e9 \u00e0 la F\u00e9d\u00e9ration Suisse de Karat\u00e9 Kyokushinkai <strong>KSF<\/strong> (Kyokushin Swiss Federation) elle-m\u00eame affili\u00e9e \u00e0 la f\u00e9d\u00e9ration mondiale IFKOK (<strong>I<\/strong>nternational <strong>F<\/strong>ederal <strong>k<\/strong>yokushin <strong>O<\/strong>rganisation of <strong>K<\/strong>arate). Nous enseignons et pratiquons le karat\u00e9 kyokushinkai dans le respect des id\u00e9es et de l\u2019enseignement du fondateur du style, Masutatsu Oyama.. Le c\u00f4t\u00e9 sportif est privil\u00e9gi\u00e9 mais en conservant l\u2019aspect traditionnel de l\u2019art martial. Notre club est ouvert \u00e0 toutes et \u00e0 tous d\u00e8s 14 ans. Dans une ambiance d\u2019entraide et d\u2019amiti\u00e9, les membres du club pourront participer \u00e0 des stages nationaux ou internationaux, s\u2019entra\u00eener pour des comp\u00e9tions \u00e0 tous les niveaux en combats ou en katas. Contactez le Pr\u00e9sident ou un membre du comit\u00e9 \u00e0 la rubrique contact, ou venez nous rejoindre directement au dojo.<\/p>\n<p style=\"text-align: justify;\">Unser Club ist der Swiss kyokushin Karate Federation <strong>KSF<\/strong> (Kyokushin Swiss Federation) angeschlossen, die ebenfalls dem Weltbund IFKOK (<strong>I<\/strong>nternational <strong>F<\/strong>ederal <strong>k<\/strong>yokushin <strong>O<\/strong>rganisation of <strong>K<\/strong>arate) angegliedert ist. Wir lehren und praktizieren das Karate \u00ab&nbsp;Kyokushinkai&nbsp;\u00bb in Achtung der Ideen und Lehre des Gr\u00fcnders des Kampf-Stils, Masutatsu Oyama. Die sportliche Seite wird dabei bevorzugt, halten aber die traditionellen Aspekte der Kampfkunst bei. Unser Verein ist offen f\u00fcr jeden und jeder ab 15 Jahren. In einer Atmosph\u00e4re der Freundschaft und gegenseitiger Unterst\u00fctzung, k\u00f6nnen Vereinsmitglieder an nationalen oder internationalen Praktika teilnehmen sowie trainieren f\u00fcr Kampfwettbewerbe und Katas auf allen Ebenen. Bitte kontaktieren Sie unseren Pr\u00e4sidenten oder ein Mitglied des Vorstandes unter der Rubrik \u00ab&nbsp;Kontakt&nbsp;\u00bb oder besuchen Sie uns direkt im Dojo<\/p>\n<p style=\"text-align: justify;\">Our&nbsp; club&nbsp; is&nbsp; affiliated&nbsp; to&nbsp; the&nbsp; <strong>KSF<\/strong> ( Kyokushin Swiss Federation),&nbsp; itself&nbsp;&nbsp; affiliated to&nbsp; the &nbsp; <strong>IFKOK<\/strong>&nbsp; ( <strong>I<\/strong>nternational <strong>F<\/strong>ederal <strong>k<\/strong>yokushin <strong>O<\/strong>rganisation of <strong>K<\/strong>arate).<br \/>\nWe teach and practice the Kyokushinkai karate respecting the ideas and teaching of the founder of the style, Masutatsu Oyama. The sporting side is preferred but preserving the traditional aspect of the martial art. Our club is open to everyone from 14 years. In an atmosphere of friendship and mutual assistance, club members can participate in national or international camps, train for competitions at different level in fighting or kata. Contact the President or a member of the committee to the contact page, or join us directly at the dojo.<\/p>\n<p style=\"text-align: center;\">&nbsp;<\/p>\n","protected":false},"excerpt":{"rendered":"<p>&nbsp; L&rsquo;Acad\u00e9mie de Karat\u00e9 Kyokushinkai depuis 1959 \u00e0 Lausanne Notre club est affili\u00e9 \u00e0 la F\u00e9d\u00e9ration Suisse de Karat\u00e9 Kyokushinkai KSF (Kyokushin Swiss Federation) elle-m\u00eame affili\u00e9e \u00e0 la f\u00e9d\u00e9ration mondiale IFKOK (International Federal kyokushin Organisation of Karate). Nous enseignons et pratiquons le karat\u00e9 kyokushinkai dans le respect des id\u00e9es et de l\u2019enseignement du fondateur du [&hellip;]<\/p>\n","protected":false},"author":1,"featured_media":0,"parent":0,"menu_order":0,"comment_status":"closed","ping_status":"closed","template":"","meta":{"ngg_post_thumbnail":0,"footnotes":""},"class_list":["post-5","page","type-page","status-publish","czr-hentry"],"_links":{"self":[{"href":"https:\/\/karateakl.ch\/index.php?rest_route=\/wp\/v2\/pages\/5"}],"collection":[{"href":"https:\/\/karateakl.ch\/index.php?rest_route=\/wp\/v2\/pages"}],"about":[{"href":"https:\/\/karateakl.ch\/index.php?rest_route=\/wp\/v2\/types\/page"}],"author":[{"embeddable":true,"href":"https:\/\/karateakl.ch\/index.php?rest_route=\/wp\/v2\/users\/1"}],"replies":[{"embeddable":true,"href":"https:\/\/karateakl.ch\/index.php?rest_route=%2Fwp%2Fv2%2Fcomments&post=5"}],"version-history":[{"count":100,"href":"https:\/\/karateakl.ch\/index.php?rest_route=\/wp\/v2\/pages\/5\/revisions"}],"predecessor-version":[{"id":2828,"href":"https:\/\/karateakl.ch\/index.php?rest_route=\/wp\/v2\/pages\/5\/revisions\/2828"}],"wp:attachment":[{"href":"https:\/\/karateakl.ch\/index.php?rest_route=%2Fwp%2Fv2%2Fmedia&parent=5"}],"curies":[{"name":"wp","href":"https:\/\/api.w.org\/{rel}","templated":true}]}}