{"id":9,"date":"2012-02-11T00:32:31","date_gmt":"2012-02-11T00:32:31","guid":{"rendered":"http:\/\/karateakl.ch\/?page_id=9"},"modified":"2023-04-30T11:21:40","modified_gmt":"2023-04-30T09:21:40","slug":"notre-histoire","status":"publish","type":"page","link":"https:\/\/karateakl.ch\/?page_id=9","title":{"rendered":"Notre histoire"},"content":{"rendered":"<h3 style=\"text-align: left;\" align=\"center\">Les dates importantes<\/h3>\n<ul>\n<li>1959 fondation du club<\/li>\n<li>1973 les premiers contacts avec le Kyokushinkai<\/li>\n<li>1978 adoption d\u00e9finitive du style Kyokushinkai<\/li>\n<li>1978 Entr\u00e9e dans la FSK et le SKK<\/li>\n<li>1992 le SKK sort de la FSK<\/li>\n<li>1995 scission de la SKK et adh\u00e9sion \u00e0 l&rsquo;IFK<\/li>\n<li>2008 adh\u00e9sion au SKKO<\/li>\n<li>2010 scission de la IKO et adh\u00e9sion \u00e0 KWF<\/li>\n<li>2011 sortie de SKKO et cr\u00e9ation de KSF<\/li>\n<li>2017 sortie de KWF et adh\u00e9sion \u00e0 IFKOK<\/li>\n<\/ul>\n<h3>L\u2019Acad\u00e9mie de Karat\u00e9 Lausanne (AKKL) a \u00e9t\u00e9 fond\u00e9e en 1959 par Ma\u00eetre Arato<\/h3>\n<p align=\"justify\">Le style enseign\u00e9 \u00e0 cette \u00e9poque \u00e9tait une forme apparent\u00e9e au karate Shotokan.Cet enseignement fut assur\u00e9 par diff\u00e9rents entra\u00eeneurs jusque en 1975. La direction du club fut reprise \u00e0 ce moment par Alex Niquille et Henri Jotterand. D\u00e9cision fut prise de se convertir d\u00e9finitivement au style Kyokushinkai et apr\u00e8s de nombreux stages en Angleterre et en France surtout, aupr\u00e9s de Alain Setrouk, nous avons rejoint en 1978 la F\u00e9d\u00e9ration Suisse de Karate (FSK), dans la nouvelle section Swiss Kyokushinkai Karate (SKK).<\/p>\n<p align=\"justify\">Le SKK \u00e9tait affili\u00e9 lui-m\u00eame \u00e0 l\u2019IKO 1, la branche directe du fondateur du style, Masutatsu Oyama, et dirig\u00e9e en Europe par Steve Arneil. En 1992 le SKK d\u00e9cide de sortir de la FSK. En 1994 M.Oyama d\u00e9c\u00e8de et c\u2019est le d\u00e9but de luttes internes \u00e0 tous les niveaux. Steve Arneil quitte la branche IKO1 pour fonder sa propre f\u00e9d\u00e9ration internationale, l\u2019IFK (International Federation of Karate). Le SKK lui-m\u00eame est en proie \u00e0 des dissensions internes qui aboutissent \u00e0 la s\u00e9paration en deux groupes et notre club, avec une majorit\u00e9 d\u2019autres, d\u00e9cide de poursuivre sa voie, toujours dans le style kyokushinkai, avec Steve Arneil, au sein de l\u2019IFK-CH.<\/p>\n<p align=\"justify\">En janvier 2009, apr\u00e8s une ann\u00e9e 2008 d&rsquo;essai, nous avons officiellement d\u00e9cid\u00e9 d&rsquo;adh\u00e9rer au SKKO. Le SKKO ( Swiss Kyokushinkai Karate Organization) est l&rsquo;organe suisse directement affili\u00e9 \u00e0 l&rsquo;IKO (International Karate Organization), dirig\u00e9 par Kancho Matsui l&rsquo;h\u00e9ritier du fondateur du style Mas.Oyama. Le branch chief suisse est Claudio Alessi. Malheureusement, devant le comportement de plus en plus \u00e9loign\u00e9 des valeurs pr\u00f4n\u00e9es par le fondateur du style, une grave scission s&rsquo;est produite en ao\u00fbt 2010 au niveau mondial. La quasi-totalit\u00e9 des pays Europ\u00e9ens, suivis par de nombreux pays d&rsquo;Asie, d&rsquo;Afrique et des 2 Am\u00e9riques d\u00e9cid\u00e8rent de quitter l&rsquo;IKO et de rejoindre la nouvelle f\u00e9d\u00e9ration mondiale KWF (Kyokushin World Federation) dirig\u00e9e par Loek Hollander \u00e9l\u00e8ve direct de Mas Oyama.<\/p>\n<p align=\"justify\">Le SKKO a choisi \u00e9galement d&rsquo;adh\u00e9rer \u00e0 cette nouvelle structure via la KEF (Kyokushin European Federation). H\u00e9las , tr\u00e8s rapidement, le responsable du SKKO se r\u00e9v\u00e9la r\u00e9fractaire \u00e0 observer une ligne coh\u00e9rente et fid\u00e8le \u00e0 KWF, ce qui amena la quasi totalit\u00e9 des clubs \u00e0 quitter le SKKO. Ce que nous avons fait en juin 2011,en cr\u00e9ant&nbsp; la KSF (Kyokushin swiss Federation) affili\u00e9e \u00e0 KWF. De graves probl\u00e8mes ont progressivement fait jour au sein de KWF et nous avons d\u00e9cid\u00e9 au 1er janvier 2017, ainsi que d&rsquo;autres pays, de nous afillier \u00e0 la nouvelle federation internationale&nbsp; cr\u00e9\u00e9e par Bertrand Kron, la FKOK.<\/p>\n<p align=\"center\">Pour de plus amples informations au sujet de KWF consultez la rubrique&nbsp;<a title=\"Liens\" href=\"http:\/\/karateakl.ch\/?page_id=26\">Liens<\/a>.<\/p>\n<p align=\"center\">Pour de plus amples informations concernant FKOK consultez le site http:\/\/www.kyokushinkai-france.com\/<\/p>\n<p style=\"text-align: center;\" align=\"center\">Janvier 2020 &#8211; Henri Jotterand<\/p>\n<p style=\"text-align: center;\" align=\"center\"><strong>La direction du club est assur\u00e9e par<\/strong><\/p>\n<table style=\"height: 350px; width: 100%;\" width=\"855\">\n<tbody>\n<tr>\n<td style=\"width: 29.9465%;\"><a href=\"http:\/\/karateakl.ch\/wp-content\/uploads\/2012\/02\/H3JotterandWeb.jpg\"><img loading=\"lazy\" decoding=\"async\" class=\"aligncenter wp-image-55\" src=\"http:\/\/karateakl.ch\/wp-content\/uploads\/2012\/02\/H3JotterandWeb-225x300.jpg\" alt=\"Henri Jotterand\" width=\"86\" height=\"115\" srcset=\"https:\/\/karateakl.ch\/wp-content\/uploads\/2012\/02\/H3JotterandWeb-225x300.jpg 225w, https:\/\/karateakl.ch\/wp-content\/uploads\/2012\/02\/H3JotterandWeb.jpg 480w\" sizes=\"(max-width: 86px) 100vw, 86px\" \/><\/a><\/td>\n<td style=\"width: 47.7273%;\">&nbsp;&nbsp;&nbsp;&nbsp; <img loading=\"lazy\" decoding=\"async\" class=\"alignnone wp-image-1822\" src=\"https:\/\/karateakl.ch\/wp-content\/uploads\/2012\/02\/DSC_0563-300x292.jpg\" alt=\"\" width=\"113\" height=\"110\" srcset=\"https:\/\/karateakl.ch\/wp-content\/uploads\/2012\/02\/DSC_0563-300x292.jpg 300w, https:\/\/karateakl.ch\/wp-content\/uploads\/2012\/02\/DSC_0563-1024x996.jpg 1024w, https:\/\/karateakl.ch\/wp-content\/uploads\/2012\/02\/DSC_0563.jpg 1813w\" sizes=\"(max-width: 113px) 100vw, 113px\" \/> &nbsp; &nbsp; &nbsp; &nbsp; &nbsp; &nbsp; &nbsp;&nbsp;&nbsp; <img loading=\"lazy\" decoding=\"async\" class=\"alignnone wp-image-1949\" src=\"https:\/\/karateakl.ch\/wp-content\/uploads\/2016\/11\/Saint-Pierre-Jean-Fran\u00e7ois-224x300.jpg\" alt=\"\" width=\"92\" height=\"123\" srcset=\"https:\/\/karateakl.ch\/wp-content\/uploads\/2016\/11\/Saint-Pierre-Jean-Fran\u00e7ois-224x300.jpg 224w, https:\/\/karateakl.ch\/wp-content\/uploads\/2016\/11\/Saint-Pierre-Jean-Fran\u00e7ois.jpg 361w\" sizes=\"(max-width: 92px) 100vw, 92px\" \/><\/td>\n<td style=\"width: 22.1926%;\"><a href=\"http:\/\/karateakl.ch\/wp-content\/uploads\/2013\/09\/DSC_0055.jpg\"><img loading=\"lazy\" decoding=\"async\" class=\"aligncenter wp-image-920\" src=\"http:\/\/karateakl.ch\/wp-content\/uploads\/2013\/09\/DSC_0055-245x300.jpg\" alt=\"Tarik\" width=\"96\" height=\"118\" srcset=\"https:\/\/karateakl.ch\/wp-content\/uploads\/2013\/09\/DSC_0055-245x300.jpg 245w, https:\/\/karateakl.ch\/wp-content\/uploads\/2013\/09\/DSC_0055-837x1024.jpg 837w, https:\/\/karateakl.ch\/wp-content\/uploads\/2013\/09\/DSC_0055.jpg 1454w\" sizes=\"(max-width: 96px) 100vw, 96px\" \/><\/a><\/td>\n<\/tr>\n<tr>\n<td style=\"width: 29.9465%;\">\n<div style=\"text-align: center;\"><span style=\"color: #0000ff;\"><strong>Shihan<\/strong><\/span><\/div>\n<div style=\"text-align: center;\"><span style=\"color: #0000ff;\"><strong>Henri Jotterand<\/strong><\/span><\/div>\n<div style=\"text-align: center;\"><span style=\"color: #993300;\">Pr\u00e9sident<\/span><\/div>\n<div style=\"text-align: center;\"><span style=\"color: #993300;\">Directeur technique &amp; administratif<\/span><\/div>\n<div style=\"text-align: center;\"><span style=\"color: #993300;\">Entra\u00eeneur principal<\/span><\/div>\n<div style=\"text-align: center;\"><span style=\"color: #993300;\">5\u00e8me DAN branch chief pour IFKOK<\/span><\/div>\n<\/td>\n<td style=\"width: 47.7273%;\">\n<div style=\"text-align: left;\"><strong>&nbsp;&nbsp;&nbsp;&nbsp;&nbsp;&nbsp;&nbsp; <span style=\"color: #0000ff;\">Sempai&nbsp;&nbsp;&nbsp;&nbsp;&nbsp;&nbsp;&nbsp;&nbsp;&nbsp;&nbsp;&nbsp;&nbsp;&nbsp;&nbsp;&nbsp;&nbsp;&nbsp;&nbsp;&nbsp;&nbsp;&nbsp;&nbsp;&nbsp;&nbsp;&nbsp;&nbsp;&nbsp;&nbsp;&nbsp;&nbsp; Sempai<\/span><\/strong><\/div>\n<div style=\"text-align: left;\"><strong><span style=\"color: #0000ff;\">&nbsp;&nbsp; Mehdi AZIZI&nbsp;&nbsp;&nbsp;&nbsp;&nbsp; Jean-Fran\u00e7ois SAINT-PIERRE<\/span><br \/>\n<\/strong><\/div>\n<div style=\"text-align: left;\">&nbsp;&nbsp; <span style=\"color: #993300;\">Entra\u00eeneur 2\u00e8me DAN&nbsp;&nbsp;&nbsp; Entra\u00eeneur 2\u00e8me DAN<\/span><\/div>\n<\/td>\n<td style=\"width: 22.1926%;\">\n<div style=\"text-align: center;\"><span style=\"color: #0000ff;\"><strong>Sempai <\/strong><\/span><\/div>\n<div style=\"text-align: center;\"><span style=\"color: #0000ff;\"><strong>Tarik Boussekine<\/strong><\/span><\/div>\n<div style=\"text-align: center;\"><span style=\"color: #993300;\">Entra\u00eeneur 2\u00e8me Dan<\/span><\/div>\n<div style=\"text-align: center;\">momentan\u00e9ment absent<\/div>\n<\/td>\n<\/tr>\n<tr>\n<td style=\"width: 29.9465%;\">\n<div style=\"text-align: center;\"><span style=\"color: #0000ff;\"><strong>&nbsp;<\/strong><\/span><\/div>\n<\/td>\n<td style=\"width: 47.7273%;\">\n<div style=\"text-align: left;\"><strong>&nbsp;<\/strong><\/div>\n<\/td>\n<td style=\"width: 22.1926%;\">\n<div style=\"text-align: center;\"><span style=\"color: #0000ff;\"><strong>&nbsp;<\/strong><\/span><\/div>\n<\/td>\n<\/tr>\n<\/tbody>\n<\/table>\n<p>&nbsp;<\/p>\n","protected":false},"excerpt":{"rendered":"<p>Les dates importantes 1959 fondation du club 1973 les premiers contacts avec le Kyokushinkai 1978 adoption d\u00e9finitive du style Kyokushinkai 1978 Entr\u00e9e dans la FSK et le SKK 1992 le SKK sort de la FSK 1995 scission de la SKK et adh\u00e9sion \u00e0 l&rsquo;IFK 2008 adh\u00e9sion au SKKO 2010 scission de la IKO et adh\u00e9sion [&hellip;]<\/p>\n","protected":false},"author":1,"featured_media":1470,"parent":0,"menu_order":0,"comment_status":"closed","ping_status":"open","template":"","meta":{"ngg_post_thumbnail":0,"footnotes":""},"class_list":["post-9","page","type-page","status-publish","has-post-thumbnail","czr-hentry"],"_links":{"self":[{"href":"https:\/\/karateakl.ch\/index.php?rest_route=\/wp\/v2\/pages\/9"}],"collection":[{"href":"https:\/\/karateakl.ch\/index.php?rest_route=\/wp\/v2\/pages"}],"about":[{"href":"https:\/\/karateakl.ch\/index.php?rest_route=\/wp\/v2\/types\/page"}],"author":[{"embeddable":true,"href":"https:\/\/karateakl.ch\/index.php?rest_route=\/wp\/v2\/users\/1"}],"replies":[{"embeddable":true,"href":"https:\/\/karateakl.ch\/index.php?rest_route=%2Fwp%2Fv2%2Fcomments&post=9"}],"version-history":[{"count":54,"href":"https:\/\/karateakl.ch\/index.php?rest_route=\/wp\/v2\/pages\/9\/revisions"}],"predecessor-version":[{"id":2928,"href":"https:\/\/karateakl.ch\/index.php?rest_route=\/wp\/v2\/pages\/9\/revisions\/2928"}],"wp:featuredmedia":[{"embeddable":true,"href":"https:\/\/karateakl.ch\/index.php?rest_route=\/wp\/v2\/media\/1470"}],"wp:attachment":[{"href":"https:\/\/karateakl.ch\/index.php?rest_route=%2Fwp%2Fv2%2Fmedia&parent=9"}],"curies":[{"name":"wp","href":"https:\/\/api.w.org\/{rel}","templated":true}]}}